{"id":82,"date":"2025-08-07T11:50:09","date_gmt":"2025-08-07T11:50:09","guid":{"rendered":"https:\/\/www.yorktest.com\/de\/?post_type=product&#038;p=82"},"modified":"2026-03-16T10:33:58","modified_gmt":"2026-03-16T10:33:58","slug":"ernaehrungsberatung","status":"publish","type":"product","link":"https:\/\/www.yorktest.com\/de\/produkte\/ernaehrungsberatung\/","title":{"rendered":"Ern\u00e4hrungsberater-Konsultation"},"content":{"rendered":"<p><span style=\"font-weight: 400;\">YorkTest bietet seit \u00fcber 40 Jahren Unterst\u00fctzung durch Ern\u00e4hrungsberater an, um unser Angebot an Lebensmittelunvertr\u00e4glichkeitstests zu erg\u00e4nzen.<\/span><\/p>\n<p><span style=\"font-weight: 400;\">Buchen Sie eine 30-min\u00fctige telefonische Konsultation mit einem unserer hochqualifizierten Ern\u00e4hrungs- und Di\u00e4texperten, um Ihre Ergebnisse zu Lebensmittelunvertr\u00e4glichkeiten im Detail zu besprechen.<\/span><\/p>\n<p><b>Einige der wichtigsten Vorteile:<\/b><\/p>\n<ul>\n<li style=\"font-weight: 400;\" aria-level=\"1\"><span style=\"font-weight: 400;\">Erhalten Sie eine pers\u00f6nliche Expertenberatung zur Unterst\u00fctzung Ihrer Ern\u00e4hrungsumstellung<\/span><\/li>\n<li style=\"font-weight: 400;\" aria-level=\"1\"><span style=\"font-weight: 400;\">Abstimmung Ihrer Ern\u00e4hrungsweise (vegan, vegetarisch oder andere) mit Ihrer Eliminationsdi\u00e4t<\/span><\/li>\n<li style=\"font-weight: 400;\" aria-level=\"1\"><span style=\"font-weight: 400;\">Ideen und Inspiration f\u00fcr neue und alternative Lebensmittel<\/span><\/li>\n<li style=\"font-weight: 400;\" aria-level=\"1\"><span style=\"font-weight: 400;\">\u00dcberwachung des Fortschritts Ihres Eliminationsdi\u00e4t-Programms mit fachkundiger Unterst\u00fctzung<\/span><\/li>\n<li style=\"font-weight: 400;\" aria-level=\"1\"><span style=\"font-weight: 400;\">Unterst\u00fctzung dabei, Essen und Trinken zu genie\u00dfen<\/span><\/li>\n<li style=\"font-weight: 400;\" aria-level=\"1\"><span style=\"font-weight: 400;\">\u00dcbernehmen Sie die Kontrolle \u00fcber Ihre Ern\u00e4hrung, Gesundheit und Ihr Wohlbefinden<\/span><\/li>\n<\/ul>\n","protected":false},"excerpt":{"rendered":"<p>Buchen Sie eine 30-min\u00fctige telefonische Konsultation mit einem unserer hochqualifizierten Ern\u00e4hrungs- und Di\u00e4texperten, um Ihre Ergebnisse zu Lebensmittelunvertr\u00e4glichkeiten im Detail zu besprechen.<\/p>\n","protected":false},"featured_media":83,"template":"","meta":{"_acf_changed":false,"footnotes":""},"product_brand":[],"product_cat":[24],"product_tag":[],"class_list":{"0":"post-82","1":"product","2":"type-product","3":"status-publish","4":"has-post-thumbnail","6":"product_cat-dienstleistungen","8":"first","9":"instock","10":"taxable","11":"shipping-taxable","12":"purchasable","13":"product-type-simple"},"acf":[],"_links":{"self":[{"href":"https:\/\/www.yorktest.com\/de\/wp-json\/wp\/v2\/product\/82","targetHints":{"allow":["GET"]}}],"collection":[{"href":"https:\/\/www.yorktest.com\/de\/wp-json\/wp\/v2\/product"}],"about":[{"href":"https:\/\/www.yorktest.com\/de\/wp-json\/wp\/v2\/types\/product"}],"version-history":[{"count":1,"href":"https:\/\/www.yorktest.com\/de\/wp-json\/wp\/v2\/product\/82\/revisions"}],"predecessor-version":[{"id":2307,"href":"https:\/\/www.yorktest.com\/de\/wp-json\/wp\/v2\/product\/82\/revisions\/2307"}],"wp:featuredmedia":[{"embeddable":true,"href":"https:\/\/www.yorktest.com\/de\/wp-json\/wp\/v2\/media\/83"}],"wp:attachment":[{"href":"https:\/\/www.yorktest.com\/de\/wp-json\/wp\/v2\/media?parent=82"}],"wp:term":[{"taxonomy":"product_brand","embeddable":true,"href":"https:\/\/www.yorktest.com\/de\/wp-json\/wp\/v2\/product_brand?post=82"},{"taxonomy":"product_cat","embeddable":true,"href":"https:\/\/www.yorktest.com\/de\/wp-json\/wp\/v2\/product_cat?post=82"},{"taxonomy":"product_tag","embeddable":true,"href":"https:\/\/www.yorktest.com\/de\/wp-json\/wp\/v2\/product_tag?post=82"}],"curies":[{"name":"wp","href":"https:\/\/api.w.org\/{rel}","templated":true}]}}