{"id":68,"date":"2025-08-07T10:25:58","date_gmt":"2025-08-07T10:25:58","guid":{"rendered":"https:\/\/www.yorktest.com\/de\/?post_type=product&#038;p=68"},"modified":"2025-11-10T07:45:30","modified_gmt":"2025-11-10T07:45:30","slug":"lebensmittelunvertraeglichkeitstest","status":"publish","type":"product","link":"https:\/\/www.yorktest.com\/de\/produkte\/lebensmittelunvertraeglichkeitstest\/","title":{"rendered":"Lebensmittelunvertr\u00e4glichkeitstest"},"content":{"rendered":"<h4 style=\"color: #00b8aa;\">Einfach zu Hause testen und ins Labor schicken<\/h4>\n<p>Sie leiden an Kopfschmerzen? Bl\u00e4hungen? Reizdarm? Dies sind oft Anzeichen f\u00fcr eine Lebensmittelunvertr\u00e4glichkeit, die Ihr t\u00e4gliches Leben beeintr\u00e4chtigt. Der Lebensmittelunvertr\u00e4glichkeitstest von YorkTest <strong>analysiert die IgG-Reaktion Ihres K\u00f6rpers auf 200 h\u00e4ufige Bestandteile von Lebensmitteln und Getr\u00e4nken<\/strong>. Wenn Sie dank unserer Unterst\u00fctzung wissen, auf welche Lebensmittel Sie reagieren, k\u00f6nnen Sie Ihren Lebensstil optimieren.<\/p>\n<ul>\n<li>Fachkundige Analyse durch unser akkreditiertes Labor<\/li>\n<li>Bluttest mit Fingerstich<\/li>\n<li>82 % unserer Kund:innen vermelden positive Auswirkungen auf ihre Gesundheit<\/li>\n<li>\u00dcbersichtliches, leicht verst\u00e4ndliches Ampelformat: hoch, grenzwertig oder normal<\/li>\n<li>Unser Kundendienst begleitet Sie weiterhin mit Rat und Hilfe<\/li>\n<\/ul>\n<p><em>Dieser Test ist nur f\u00fcr Erwachsene \u00fcber 18 Jahre bestimmt. Dieser Lebensmittelunvertr\u00e4glichkeitstest wird nicht f\u00fcr Schwangere und stillende M\u00fctter empfohlen.<\/em><\/p>\n","protected":false},"excerpt":{"rendered":"<p>Der Lebensmittelunvertr\u00e4glichkeitstest von YorkTest analysiert die IgG-Reaktion Ihres K\u00f6rpers auf 200 h\u00e4ufige Bestandteile von Lebensmitteln und Getr\u00e4nken.<\/p>\n","protected":false},"featured_media":69,"template":"","meta":{"_acf_changed":false,"footnotes":""},"product_brand":[],"product_cat":[23],"product_tag":[],"class_list":{"0":"post-68","1":"product","2":"type-product","3":"status-publish","4":"has-post-thumbnail","6":"product_cat-nahrungsmittelunvertraglichkeiten","8":"first","9":"instock","10":"sale","11":"taxable","12":"shipping-taxable","13":"purchasable","14":"product-type-simple"},"acf":[],"_links":{"self":[{"href":"https:\/\/www.yorktest.com\/de\/wp-json\/wp\/v2\/product\/68","targetHints":{"allow":["GET"]}}],"collection":[{"href":"https:\/\/www.yorktest.com\/de\/wp-json\/wp\/v2\/product"}],"about":[{"href":"https:\/\/www.yorktest.com\/de\/wp-json\/wp\/v2\/types\/product"}],"version-history":[{"count":1,"href":"https:\/\/www.yorktest.com\/de\/wp-json\/wp\/v2\/product\/68\/revisions"}],"predecessor-version":[{"id":71,"href":"https:\/\/www.yorktest.com\/de\/wp-json\/wp\/v2\/product\/68\/revisions\/71"}],"wp:featuredmedia":[{"embeddable":true,"href":"https:\/\/www.yorktest.com\/de\/wp-json\/wp\/v2\/media\/69"}],"wp:attachment":[{"href":"https:\/\/www.yorktest.com\/de\/wp-json\/wp\/v2\/media?parent=68"}],"wp:term":[{"taxonomy":"product_brand","embeddable":true,"href":"https:\/\/www.yorktest.com\/de\/wp-json\/wp\/v2\/product_brand?post=68"},{"taxonomy":"product_cat","embeddable":true,"href":"https:\/\/www.yorktest.com\/de\/wp-json\/wp\/v2\/product_cat?post=68"},{"taxonomy":"product_tag","embeddable":true,"href":"https:\/\/www.yorktest.com\/de\/wp-json\/wp\/v2\/product_tag?post=68"}],"curies":[{"name":"wp","href":"https:\/\/api.w.org\/{rel}","templated":true}]}}