{"id":995,"date":"2025-08-13T08:12:58","date_gmt":"2025-08-13T08:12:58","guid":{"rendered":"https:\/\/www.yorktest.com\/de\/?page_id=995"},"modified":"2025-10-11T14:55:28","modified_gmt":"2025-10-11T14:55:28","slug":"lieferinformationen","status":"publish","type":"page","link":"https:\/\/www.yorktest.com\/de\/lieferinformationen\/","title":{"rendered":"Lieferinformationen"},"content":{"rendered":"\n\n\n<section class=\"pt-6 pb-6 lg:pt-8 lg:pb-8 \" id=\"\" data-section=\"breadcrumbs\">\n    <div class=\"container\">\n        <div class=\"flex\">\n            <nav aria-label=\"breadcrumbs\" class=\"rank-math-breadcrumb\"><p><span class=\"last\">Startseite<\/span><\/p><\/nav>\n        <\/div>\n    <\/div>\n<\/section>\n\n\n\n\n<section class=\"pt-0 pb-10 lg:pt-0 lg:pb-10 \" id=\"\" data-block=\"heading-and-text\">\n    <div class=\"container\">\n        <div class=\"flex flex-col gap-6\">\n                            <h1 class=\"text-5xl lg:text-[70px] leading-[1.2]\">\n                    Lieferinformationen\n                <\/h1>\n            \n                            <div class=\"wysiwyg\">\n                    <p><strong>Versand innerhalb der EU<\/strong><br \/>\n\u2013 KOSTENLOSER Standardversand (2-3 Werktage bei Bestellung bis 15:00 Uhr)<\/p>\n<p><strong>Versand in die Schweiz<\/strong><br \/>\n\u2013 KOSTENLOSER Standardversand (5-7 Werktage bei Bestellung vor 15:00 Uhr)<\/p>\n<p><strong>R\u00fcckgabe &amp; Erstattung<\/strong><\/p>\n<p>\u2013 Eine R\u00fcckerstattung ist m\u00f6glich, wenn die Bestellung innerhalb von 30 Tagen nach dem Kauf storniert wird und die Ergebnisse noch nicht ausgestellt wurden. Wurde das Produkt bereits versandt, f\u00e4llt eine Geb\u00fchr von \u20ac20 pro Test zur Deckung der Produktions-, Versand- und Bearbeitungskosten an.<\/p>\n<p>\u2013 Bestellungen, die \u00e4lter als 30 Tage sind oder f\u00fcr die bereits Ergebnisse vorliegen, sind nicht erstattungsf\u00e4hig.<\/p>\n\n                <\/div>\n                    <\/div>\n    <\/div>\n<\/section>","protected":false},"excerpt":{"rendered":"","protected":false},"author":1,"featured_media":0,"parent":0,"menu_order":0,"comment_status":"closed","ping_status":"closed","template":"","meta":{"_acf_changed":false,"footnotes":""},"class_list":["post-995","page","type-page","status-publish","hentry"],"acf":[],"_links":{"self":[{"href":"https:\/\/www.yorktest.com\/de\/wp-json\/wp\/v2\/pages\/995","targetHints":{"allow":["GET"]}}],"collection":[{"href":"https:\/\/www.yorktest.com\/de\/wp-json\/wp\/v2\/pages"}],"about":[{"href":"https:\/\/www.yorktest.com\/de\/wp-json\/wp\/v2\/types\/page"}],"author":[{"embeddable":true,"href":"https:\/\/www.yorktest.com\/de\/wp-json\/wp\/v2\/users\/1"}],"replies":[{"embeddable":true,"href":"https:\/\/www.yorktest.com\/de\/wp-json\/wp\/v2\/comments?post=995"}],"version-history":[{"count":3,"href":"https:\/\/www.yorktest.com\/de\/wp-json\/wp\/v2\/pages\/995\/revisions"}],"predecessor-version":[{"id":1734,"href":"https:\/\/www.yorktest.com\/de\/wp-json\/wp\/v2\/pages\/995\/revisions\/1734"}],"wp:attachment":[{"href":"https:\/\/www.yorktest.com\/de\/wp-json\/wp\/v2\/media?parent=995"}],"curies":[{"name":"wp","href":"https:\/\/api.w.org\/{rel}","templated":true}]}}