{"id":2481,"date":"2026-04-27T10:03:41","date_gmt":"2026-04-27T10:03:41","guid":{"rendered":"https:\/\/www.yorktest.com\/de\/?page_id=2481"},"modified":"2026-04-27T10:03:43","modified_gmt":"2026-04-27T10:03:43","slug":"diana-warrings","status":"publish","type":"page","link":"https:\/\/www.yorktest.com\/de\/ernahrungstherapeutinnen-und-therapeuten\/diana-warrings\/","title":{"rendered":"Diana Warrings"},"content":{"rendered":"\n\n                \n<section class=\"pt-6 pb-6 lg:pt-8 lg:pb-8 \" id=\"\" data-section=\"breadcrumbs\">\n    <div class=\"container\">\n        <div class=\"flex\">\n            <nav aria-label=\"breadcrumbs\" class=\"rank-math-breadcrumb\"><p><span class=\"last\">Startseite<\/span><\/p><\/nav>\n        <\/div>\n    <\/div>\n<\/section>\n\n\n\n\n\n\n<section class=\"two-column-image-video-and-text overflow-x-hidden bg-white pt-10 pb-10 lg:pt-20 lg:pb-20 \" id=\"\" data-block=\"two-column-image-video-and-text\">\n    <div class=\"container\">\n        <div class=\"grid grid-cols-3 sm:grid-cols-6 lg:grid-cols-12 gap-6 lg:gap-10\">\n            <div class=\"col-span-3 sm:col-span-6 flex flex-col justify-center gap-6 order-2  lg:order-1   \">\n                \n                                    <h1 class=\" text-2xl lg:text-5xl  leading-[1.2] text-yt-black \">\n                        Diana Warrings\n                    <\/h1>\n                \n                                    <div class=\"wysiwyg text-yt-black \">\n                        <p>Mein Name ist Diana, ich bin Ern\u00e4hrungstherapeutin, Gesundheits-Coach und holistische K\u00f6chin mit \u00fcber 10 Jahren Berufserfahrung. Meine Ausbildungen habe ich am Institute for Optimum Nutrition sowie an der Leiths School of Food and Wine in London absolviert.<\/p>\n<p>Mein Schwerpunkt liegt auf Hormonbalance, Verdauungsgesundheit, Hautgesundheit und gesundem Altern.<\/p>\n<p>In meiner Praxis in Berlin begleite ich Menschen mit unterschiedlichen gesundheitlichen Zielen und Beschwerden, darunter Reizdarm, allgemeine Verdauungsbeschwerden, Nahrungsmittelunvertr\u00e4glichkeiten, Wechseljahre, Hautprobleme, M\u00fcdigkeit, Gewichtsver\u00e4nderungen, Stress, Schlafprobleme und weitere damit verbundene Symptome.<\/p>\n<p>Mit einem funktionellen und evidenzbasierten Ansatz ist es mein Ziel, m\u00f6gliche Ursachen von Beschwerden zu erkennen und individuelle, alltagstaugliche Strategien zu entwickeln, die langfristig Gesundheit und Wohlbefinden unterst\u00fctzen.<\/p>\n<h3>Qualifikationen<\/h3>\n<ul>\n<li>Diploma in Nutritional Therapy \u2013 Institute for Optimum Nutrition<\/li>\n<li>Mitglied der BANT<\/li>\n<li>Health Coach<\/li>\n<li>Holistische K\u00f6chin<\/li>\n<\/ul>\n\n                    <\/div>\n                \n                \n                            <\/div>\n\n            <div class=\"col-span-3 sm:col-span-6 order-1   \">\n                                    <div class=\"rounded-2xl overflow-hidden   sm:w-1\/2 lg:w-full lg:h-[400px] xl:h-[450px]  \">\n                        <img decoding=\"async\"\n                            src=\"https:\/\/www.yorktest.com\/app\/uploads\/sites\/2\/2026\/04\/Diana_Foto.png\"\n                            srcset=\"https:\/\/www.yorktest.com\/app\/uploads\/sites\/2\/2026\/04\/Diana_Foto-300x244.png 300w, https:\/\/www.yorktest.com\/app\/uploads\/sites\/2\/2026\/04\/Diana_Foto-768x625.png 768w, https:\/\/www.yorktest.com\/app\/uploads\/sites\/2\/2026\/04\/Diana_Foto.png 1024w\"\n                            sizes=\"auto, (max-width: 640px) 100vw, (max-width: 1024px) 50vw, 450px\"\n                            alt=\"Diana Warrings\"\n                            loading=\"lazy\"\n                            width=\"936\"\n                            height=\"762\"\n                            class=\"w-full h-full object-cover object-center sm:object-top lg:object-center\"\n                            title=\"Diana_Foto\"\n                        >\n                    <\/div>\n                \n                            <\/div>\n        <\/div>\n    <\/div>\n<\/section>","protected":false},"excerpt":{"rendered":"","protected":false},"author":6,"featured_media":2482,"parent":2473,"menu_order":0,"comment_status":"closed","ping_status":"closed","template":"","meta":{"_acf_changed":false,"footnotes":""},"class_list":["post-2481","page","type-page","status-publish","has-post-thumbnail","hentry"],"acf":[],"_links":{"self":[{"href":"https:\/\/www.yorktest.com\/de\/wp-json\/wp\/v2\/pages\/2481","targetHints":{"allow":["GET"]}}],"collection":[{"href":"https:\/\/www.yorktest.com\/de\/wp-json\/wp\/v2\/pages"}],"about":[{"href":"https:\/\/www.yorktest.com\/de\/wp-json\/wp\/v2\/types\/page"}],"author":[{"embeddable":true,"href":"https:\/\/www.yorktest.com\/de\/wp-json\/wp\/v2\/users\/6"}],"replies":[{"embeddable":true,"href":"https:\/\/www.yorktest.com\/de\/wp-json\/wp\/v2\/comments?post=2481"}],"version-history":[{"count":1,"href":"https:\/\/www.yorktest.com\/de\/wp-json\/wp\/v2\/pages\/2481\/revisions"}],"predecessor-version":[{"id":2483,"href":"https:\/\/www.yorktest.com\/de\/wp-json\/wp\/v2\/pages\/2481\/revisions\/2483"}],"up":[{"embeddable":true,"href":"https:\/\/www.yorktest.com\/de\/wp-json\/wp\/v2\/pages\/2473"}],"wp:featuredmedia":[{"embeddable":true,"href":"https:\/\/www.yorktest.com\/de\/wp-json\/wp\/v2\/media\/2482"}],"wp:attachment":[{"href":"https:\/\/www.yorktest.com\/de\/wp-json\/wp\/v2\/media?parent=2481"}],"curies":[{"name":"wp","href":"https:\/\/api.w.org\/{rel}","templated":true}]}}