{"id":2473,"date":"2026-04-27T09:55:01","date_gmt":"2026-04-27T09:55:01","guid":{"rendered":"https:\/\/www.yorktest.com\/de\/?page_id=2473"},"modified":"2026-04-27T10:10:37","modified_gmt":"2026-04-27T10:10:37","slug":"ernahrungstherapeutinnen-und-therapeuten","status":"publish","type":"page","link":"https:\/\/www.yorktest.com\/de\/ernahrungstherapeutinnen-und-therapeuten\/","title":{"rendered":"Ern\u00e4hrungstherapeutinnen und -therapeuten"},"content":{"rendered":"\n\n                \n<section class=\"pt-6 pb-6 lg:pt-8 lg:pb-8 \" id=\"\" data-section=\"breadcrumbs\">\n    <div class=\"container\">\n        <div class=\"flex\">\n            <nav aria-label=\"breadcrumbs\" class=\"rank-math-breadcrumb\"><p><span class=\"last\">Startseite<\/span><\/p><\/nav>\n        <\/div>\n    <\/div>\n<\/section>\n\n\n\n\n\n\n<section class=\"two-column-image-video-and-text overflow-x-hidden bg-white pt-10 pb-10 lg:pt-20 lg:pb-20 \" id=\"\" data-block=\"two-column-image-video-and-text\">\n    <div class=\"container\">\n        <div class=\"grid grid-cols-3 sm:grid-cols-6 lg:grid-cols-12 gap-6 lg:gap-10\">\n            <div class=\"col-span-3 sm:col-span-6 flex flex-col justify-center gap-6 order-2  lg:order-2   lg:col-start-7  \">\n                \n                                    <h1 class=\" text-2xl lg:text-5xl  leading-[1.2] text-yt-black \">\n                        Ern\u00e4hrungs- therapeutinnen und -therapeuten\n                    <\/h1>\n                \n                                    <div class=\"wysiwyg text-yt-black \">\n                        <p>Bei YorkTest wissen wir, dass Ern\u00e4hrungsumstellungen \u00fcberw\u00e4ltigend sein k\u00f6nnen \u2013 insbesondere nach dem Erhalt personalisierter Testergebnisse. Deshalb ist die Beratung durch eine Ern\u00e4hrungstherapeutin bzw. einen Ern\u00e4hrungstherapeuten ein zentraler Bestandteil unserer Leistungen und bietet praxisnahe, fachlich fundierte Unterst\u00fctzung, damit Sie Ihre Ergebnisse sicher im Alltag umsetzen k\u00f6nnen.<\/p>\n<p>Wir bieten eine umfassende Betreuung nach dem Test, einschlie\u00dflich einer telefonischen Beratung mit einer qualifizierten Ern\u00e4hrungstherapeutin bzw. einem qualifizierten Ern\u00e4hrungstherapeuten. Dabei besprechen wir Ihre Ergebnisse und unterst\u00fctzen Sie dabei, proaktive, hilfreiche und nachhaltige Ern\u00e4hrungsumstellungen vorzunehmen.<\/p>\n\n                    <\/div>\n                \n                \n                            <\/div>\n\n            <div class=\"col-span-3 sm:col-span-6 order-1  lg:col-span-5   \">\n                                    <div class=\"rounded-2xl overflow-hidden   sm:w-1\/2 lg:w-full lg:h-[400px] xl:h-[450px]  \">\n                        <img decoding=\"async\"\n                            src=\"https:\/\/www.yorktest.com\/app\/uploads\/sites\/2\/2026\/04\/Nutritional-Therapist.jpg\"\n                            srcset=\"https:\/\/www.yorktest.com\/app\/uploads\/sites\/2\/2026\/04\/Nutritional-Therapist-300x300.jpg 300w, https:\/\/www.yorktest.com\/app\/uploads\/sites\/2\/2026\/04\/Nutritional-Therapist-768x768.jpg 768w, https:\/\/www.yorktest.com\/app\/uploads\/sites\/2\/2026\/04\/Nutritional-Therapist.jpg 1024w\"\n                            sizes=\"auto, (max-width: 640px) 100vw, (max-width: 1024px) 50vw, 450px\"\n                            alt=\"Ern\u00e4hrungstherapeutinnen\"\n                            loading=\"lazy\"\n                            width=\"1024\"\n                            height=\"1024\"\n                            class=\"w-full h-full object-cover object-center sm:object-top lg:object-center\"\n                            title=\"Ern\u00e4hrungstherapeutinnen\"\n                        >\n                    <\/div>\n                \n                            <\/div>\n        <\/div>\n    <\/div>\n<\/section>\n\n\n\n\n\n\n<section class=\"two-column-image-video-and-text overflow-x-hidden bg-white pt-10 pb-10 lg:pt-20 lg:pb-20 \" id=\"\" data-block=\"two-column-image-video-and-text\">\n    <div class=\"container\">\n        <div class=\"grid grid-cols-3 sm:grid-cols-6 lg:grid-cols-12 gap-6 lg:gap-10\">\n            <div class=\"col-span-3 sm:col-span-6 flex flex-col justify-center gap-6 order-2  lg:order-1   \">\n                \n                                    <h2 class=\" text-2xl lg:text-5xl  leading-[1.2] text-yt-black \">\n                        Warum bieten wir ern\u00e4hrungstherapeutische Beratungen an?\n                    <\/h2>\n                \n                                    <div class=\"wysiwyg text-yt-black \">\n                        <p>Gute Frage. Alles, was wir tun, ist darauf ausgerichtet, unsere Kundinnen und Kunden \u00fcber den Test hinaus zu unterst\u00fctzen \u2013 ein wesentlicher Grund daf\u00fcr, dass wir zu den f\u00fchrenden Anbietern von IgG-Antik\u00f6rpertests f\u00fcr Lebensmittel geh\u00f6ren.<\/p>\n<p>Wenn Sie Ihre Ergebnisse erhalten, ist es v\u00f6llig normal, Fragen zu haben. M\u00f6glicherweise sind Sie unsicher:<\/p>\n<ul>\n<li>Welche Lebensmittel Sie weglassen oder ersetzen sollten<\/li>\n<li>Wie sich Lebensmittelunvertr\u00e4glichkeiten im Laufe der Zeit entwickelt haben k\u00f6nnten<\/li>\n<li>Welche allt\u00e4glichen Lebensmittel Ihre ausl\u00f6senden Zutaten enthalten<\/li>\n<li>Wie Sie eine ausgewogene und genussvolle Ern\u00e4hrung beibehalten k\u00f6nnen<\/li>\n<\/ul>\n<p>Unsere Ern\u00e4hrungstherapeutinnen und -therapeuten spielen eine entscheidende Rolle dabei, Ihre Ergebnisse in klare, personalisierte Empfehlungen zu \u00fcbersetzen \u2013 und stellen sicher, dass Sie sich in jeder Phase Ihres Weges gut unterst\u00fctzt f\u00fchlen.<\/p>\n\n                    <\/div>\n                \n                \n                            <\/div>\n\n            <div class=\"col-span-3 sm:col-span-6 order-1  lg:col-span-5   lg:col-start-8  \">\n                                    <div class=\"rounded-2xl overflow-hidden   sm:w-1\/2 lg:w-full lg:h-[400px] xl:h-[450px]  \">\n                        <img decoding=\"async\"\n                            src=\"https:\/\/www.yorktest.com\/app\/uploads\/sites\/2\/2025\/08\/NUTRITIONAL-THERAPISTS2-600x600-1.jpg\"\n                            srcset=\"https:\/\/www.yorktest.com\/app\/uploads\/sites\/2\/2025\/08\/NUTRITIONAL-THERAPISTS2-600x600-1-300x300.jpg 300w, https:\/\/www.yorktest.com\/app\/uploads\/sites\/2\/2025\/08\/NUTRITIONAL-THERAPISTS2-600x600-1.jpg 768w, https:\/\/www.yorktest.com\/app\/uploads\/sites\/2\/2025\/08\/NUTRITIONAL-THERAPISTS2-600x600-1.jpg 1024w\"\n                            sizes=\"auto, (max-width: 640px) 100vw, (max-width: 1024px) 50vw, 450px\"\n                            alt=\"\"\n                            loading=\"lazy\"\n                            width=\"600\"\n                            height=\"600\"\n                            class=\"w-full h-full object-cover object-center sm:object-top lg:object-center\"\n                            title=\"NUTRITIONAL-THERAPISTS2-600x600 (1)\"\n                        >\n                    <\/div>\n                \n                            <\/div>\n        <\/div>\n    <\/div>\n<\/section>\n\n\n\n\n\n\n<section class=\"two-column-image-video-and-text overflow-x-hidden bg-white pt-10 pb-10 lg:pt-20 lg:pb-20 \" id=\"\" data-block=\"two-column-image-video-and-text\">\n    <div class=\"container\">\n        <div class=\"grid grid-cols-3 sm:grid-cols-6 lg:grid-cols-12 gap-6 lg:gap-10\">\n            <div class=\"col-span-3 sm:col-span-6 flex flex-col justify-center gap-6 order-2  lg:order-2   lg:col-start-7  \">\n                \n                                    <h2 class=\" text-2xl lg:text-5xl  leading-[1.2] text-yt-black \">\n                        What are the benefits of your consultation?\n                    <\/h2>\n                \n                                    <div class=\"wysiwyg text-yt-black \">\n                        <ul>\n<li>Personalised, one-to-one dietary advice tailored to your results<\/li>\n<li>Support interpreting your results and optimising your diet<\/li>\n<li>Alignment of pre-existing diets (e.g. vegan, vegetarian, allergy-specific) with your elimination diet<\/li>\n<li>Clear, practical and easy-to-follow guidance<\/li>\n<li>Advice on supplements and probiotics where appropriate<\/li>\n<li>Ideas and inspiration for alternative foods and recipes<\/li>\n<li>Support to help you continue enjoying food while making change<\/li>\n<\/ul>\n\n                    <\/div>\n                \n                \n                            <\/div>\n\n            <div class=\"col-span-3 sm:col-span-6 order-1  lg:col-span-5   \">\n                                    <div class=\"rounded-2xl overflow-hidden   sm:w-1\/2 lg:w-full lg:h-[400px] xl:h-[450px]  \">\n                        <img decoding=\"async\"\n                            src=\"https:\/\/www.yorktest.com\/app\/uploads\/sites\/2\/2025\/08\/1-2-600x600-1.png\"\n                            srcset=\"https:\/\/www.yorktest.com\/app\/uploads\/sites\/2\/2025\/08\/1-2-600x600-1-300x300.png 300w, https:\/\/www.yorktest.com\/app\/uploads\/sites\/2\/2025\/08\/1-2-600x600-1.png 768w, https:\/\/www.yorktest.com\/app\/uploads\/sites\/2\/2025\/08\/1-2-600x600-1.png 1024w\"\n                            sizes=\"auto, (max-width: 640px) 100vw, (max-width: 1024px) 50vw, 450px\"\n                            alt=\"\"\n                            loading=\"lazy\"\n                            width=\"600\"\n                            height=\"600\"\n                            class=\"w-full h-full object-cover object-center sm:object-top lg:object-center\"\n                            title=\"1-2-600x600-1\"\n                        >\n                    <\/div>\n                \n                            <\/div>\n        <\/div>\n    <\/div>\n<\/section>\n\n\n\n\n<section class=\"pt-0 pb-10 lg:pt-0 lg:pb-20 \" id=\"\" data-block=\"half-content-half-slider\">\n    <div class=\"container relative overflow-hidden\">\n        <div class=\"grid grid-cols-1 lg:grid-cols-2 gap-y-8 lg:gap-x-10\">\n            <div class=\"col-span-1 flex flex-col gap-y-6\">\n                                    <h2 class=\"text-yt-bright-teal text-xl lg:text-3xl text-center sm:text-left\">\n                        Wer sind unsere Ern\u00e4hrungstherapeutinnen und -therapeuten?\n                    <\/h2>\n                \n                                    <div class=\"wysiwyg text-center sm:text-left\">\n                        <p>Unsere Ern\u00e4hrungstherapeutinnen und -therapeuten sind qualifizierte Fachkr\u00e4fte mit umfassender akademischer Ausbildung und praktischer Erfahrung. Sie verf\u00fcgen \u00fcber anerkannte Abschl\u00fcsse im Bereich Ern\u00e4hrungstherapie und arbeiten h\u00e4ufig in eigener Praxis, wo sie Menschen in individuellen Beratungsgespr\u00e4chen unterst\u00fctzen.<\/p>\n<p>Im Gegensatz zu allgemeinen Ern\u00e4hrungsempfehlungen verfolgt die Ern\u00e4hrungstherapie einen personalisierten Ansatz, der ber\u00fccksichtigt, dass jeder Mensch in Bezug auf Biologie, Lebensstil und Ern\u00e4hrungsbed\u00fcrfnisse unterschiedlich ist. Unsere Ern\u00e4hrungstherapeutinnen und -therapeuten bieten individuelle Beratung auf Grundlage Ihrer spezifischen Testergebnisse und helfen Ihnen dabei, fundierte und realistische Ver\u00e4nderungen umzusetzen, die zu Ihnen passen.<\/p>\n\n                    <\/div>\n                            <\/div>\n\n            <div class=\"col-span-1 flex flex-col gap-y-6 lg:gap-y-8 overflow-hidden\">\n                <div class=\"js-half-content-half-slider w-full swiper overflow-hidden\">\n                                            <div class=\"swiper-wrapper flex\">\n                                                            \n                                                                                                                                                \n                                                                                                                                                                                                                        \n                                    <div class=\"swiper-slide flex flex-col flex-shrink-0\">\n                                        <a href=\"https:\/\/www.yorktest.com\/de\/ernahrungstherapeutinnen-und-therapeuten\/diana-warrings\/\" target=\"_self\" class=\"block\">\n                                                                                            <div class=\"w-full h-[300px] xl:h-[200px] rounded-2xl overflow-hidden\">\n                                                    <img decoding=\"async\" src=\"https:\/\/www.yorktest.com\/app\/uploads\/sites\/2\/2026\/04\/Diana_Foto.png\" alt=\"Diana Warrings\" loading=\"lazy\" class=\"w-full h-full object-center object-cover\">\n                                                <\/div>\n                                            \n                                                                                            <h3 class=\"text-base font-medium mt-4 text-center sm:text-left\">\n                                                    Diana Warrings\n                                                <\/h3>\n                                                                                    <\/a>\n                                    <\/div>\n                                                                                            \n                                                                                                                                                \n                                                                                                                                                                                                                        \n                                    <div class=\"swiper-slide flex flex-col flex-shrink-0\">\n                                        <a href=\"https:\/\/www.yorktest.com\/de\/ernahrungstherapeutinnen-und-therapeuten\/nomi-kreiser\/\" target=\"_self\" class=\"block\">\n                                                                                            <div class=\"w-full h-[300px] xl:h-[200px] rounded-2xl overflow-hidden\">\n                                                    <img decoding=\"async\" src=\"https:\/\/www.yorktest.com\/app\/uploads\/sites\/2\/2026\/04\/Nomi-2.png\" alt=\"Nomi Kreiser\" loading=\"lazy\" class=\"w-full h-full object-center object-cover\">\n                                                <\/div>\n                                            \n                                                                                            <h3 class=\"text-base font-medium mt-4 text-center sm:text-left\">\n                                                    Nomi Kreiser\n                                                <\/h3>\n                                                                                    <\/a>\n                                    <\/div>\n                                                                                    <\/div>\n                                    <\/div>\n\n                <div class=\"flex items-center justify-center lg:justify-end gap-6\">\n                    <button type=\"button\" class=\"js-half-content-half-slider-prev group flex items-center justify-center border-2 border-yt-bright-teal w-10 h-10 rounded-full\">\n                        <svg xmlns=\"http:\/\/www.w3.org\/2000\/svg\" viewBox=\"0 0 320 512\" class=\"w-6 h-6\" fill=\"#00B8AA\" aria-hidden=\"true\"><!--!Font Awesome Free 6.7.2 by @fontawesome - https:\/\/fontawesome.com License - https:\/\/fontawesome.com\/license\/free Copyright 2025 Fonticons, Inc.--><path d=\"M9.4 233.4c-12.5 12.5-12.5 32.8 0 45.3l192 192c12.5 12.5 32.8 12.5 45.3 0s12.5-32.8 0-45.3L77.3 256 246.6 86.6c12.5-12.5 12.5-32.8 0-45.3s-32.8-12.5-45.3 0l-192 192z\"\/><\/svg>\n                    <\/button>\n\n                    <div class=\"flex js-half-content-half-slider-pagination swiper-pagination\"><\/div>\n\n                    <button type=\"button\" class=\"js-half-content-half-slider-next group flex items-center justify-center border-2 border-yt-bright-teal w-10 h-10 rounded-full\">\n                        <svg xmlns=\"http:\/\/www.w3.org\/2000\/svg\" viewBox=\"0 0 320 512\" class=\"w-6 h-6\" fill=\"#00B8AA\" aria-hidden=\"true\"><!--!Font Awesome Free 6.7.2 by @fontawesome - https:\/\/fontawesome.com License - https:\/\/fontawesome.com\/license\/free Copyright 2025 Fonticons, Inc.--><path d=\"M310.6 233.4c12.5 12.5 12.5 32.8 0 45.3l-192 192c-12.5 12.5-32.8 12.5-45.3 0s-12.5-32.8 0-45.3L242.7 256 73.4 86.6c-12.5-12.5-12.5-32.8 0-45.3s32.8-12.5 45.3 0l192 192z\"\/><\/svg>\n                    <\/button>\n                <\/div>\n            <\/div>\n        <\/div>\n    <\/div>\n<\/section>","protected":false},"excerpt":{"rendered":"","protected":false},"author":6,"featured_media":0,"parent":0,"menu_order":0,"comment_status":"closed","ping_status":"closed","template":"","meta":{"_acf_changed":false,"footnotes":""},"class_list":["post-2473","page","type-page","status-publish","hentry"],"acf":[],"_links":{"self":[{"href":"https:\/\/www.yorktest.com\/de\/wp-json\/wp\/v2\/pages\/2473","targetHints":{"allow":["GET"]}}],"collection":[{"href":"https:\/\/www.yorktest.com\/de\/wp-json\/wp\/v2\/pages"}],"about":[{"href":"https:\/\/www.yorktest.com\/de\/wp-json\/wp\/v2\/types\/page"}],"author":[{"embeddable":true,"href":"https:\/\/www.yorktest.com\/de\/wp-json\/wp\/v2\/users\/6"}],"replies":[{"embeddable":true,"href":"https:\/\/www.yorktest.com\/de\/wp-json\/wp\/v2\/comments?post=2473"}],"version-history":[{"count":5,"href":"https:\/\/www.yorktest.com\/de\/wp-json\/wp\/v2\/pages\/2473\/revisions"}],"predecessor-version":[{"id":2490,"href":"https:\/\/www.yorktest.com\/de\/wp-json\/wp\/v2\/pages\/2473\/revisions\/2490"}],"wp:attachment":[{"href":"https:\/\/www.yorktest.com\/de\/wp-json\/wp\/v2\/media?parent=2473"}],"curies":[{"name":"wp","href":"https:\/\/api.w.org\/{rel}","templated":true}]}}