{"id":2451,"date":"2026-04-27T09:32:01","date_gmt":"2026-04-27T09:32:01","guid":{"rendered":"https:\/\/www.yorktest.com\/de\/?page_id=2451"},"modified":"2026-04-27T09:42:44","modified_gmt":"2026-04-27T09:42:44","slug":"wissenschaftliche-expertinnen-und-experten","status":"publish","type":"page","link":"https:\/\/www.yorktest.com\/de\/wissenschaftliche-expertinnen-und-experten\/","title":{"rendered":"Wissenschaftliche Expertinnen und Experten"},"content":{"rendered":"\n\n                \n<section class=\"pt-6 pb-6 lg:pt-8 lg:pb-8 \" id=\"\" data-section=\"breadcrumbs\">\n    <div class=\"container\">\n        <div class=\"flex\">\n            <nav aria-label=\"breadcrumbs\" class=\"rank-math-breadcrumb\"><p><span class=\"last\">Startseite<\/span><\/p><\/nav>\n        <\/div>\n    <\/div>\n<\/section>\n\n\n\n\n\n\n<section class=\"two-column-image-video-and-text overflow-x-hidden bg-white pt-10 pb-10 lg:pt-20 lg:pb-20 \" id=\"\" data-block=\"two-column-image-video-and-text\">\n    <div class=\"container\">\n        <div class=\"grid grid-cols-3 sm:grid-cols-6 lg:grid-cols-12 gap-6 lg:gap-10\">\n            <div class=\"col-span-3 sm:col-span-6 flex flex-col justify-center gap-6 order-2  lg:order-2   lg:col-start-7  \">\n                \n                                    <h2 class=\" text-2xl lg:text-5xl  leading-[1.2] text-yt-black \">\n                        Wissenschaftliche Expertinnen und Experten\n                    <\/h2>\n                \n                                    <div class=\"wysiwyg text-yt-black \">\n                        <p data-start=\"0\" data-end=\"124\">Bei YorkTest steht die Wissenschaft im Mittelpunkt all dessen, was wir tun.<\/p>\n<p data-start=\"126\" data-end=\"456\">Hinter jedem <a href=\"https:\/\/www.yorktest.com\/de\/produkte\/\">Test<\/a>, jedem Bericht und jeder Empfehlung steht ein Team aus hochqualifizierten Wissenschaftlerinnen und Wissenschaftlern, biomedizinischen Fachkr\u00e4ften sowie Ern\u00e4hrungsexpertinnen und -experten mit jahrzehntelanger gemeinsamer Erfahrung in der klinischen Diagnostik, der <a href=\"https:\/\/www.yorktest.com\/de\/wie-es-funktioniert\/unsere-wissenschaft\/\">Laborwissenschaft<\/a> und der Gesundheitsforschung.<\/p>\n<p data-start=\"458\" data-end=\"774\" data-is-last-node=\"\" data-is-only-node=\"\">Unsere wissenschaftlichen Expertinnen und Experten stellen sicher, dass jede YorkTest-Dienstleistung auf solider Evidenz, regulatorischen Best Practices und praxisnaher klinischer Expertise basiert \u2013 damit Sie Ergebnisse erhalten, denen Sie vertrauen k\u00f6nnen, und Empfehlungen, die Sie mit Zuversicht umsetzen k\u00f6nnen.<\/p>\n\n                    <\/div>\n                \n                \n                            <\/div>\n\n            <div class=\"col-span-3 sm:col-span-6 order-1  lg:col-span-5   \">\n                                    <div class=\"rounded-2xl overflow-hidden   sm:w-1\/2 lg:w-full lg:h-[400px] xl:h-[450px]  \">\n                        <img decoding=\"async\"\n                            src=\"https:\/\/www.yorktest.com\/app\/uploads\/sites\/2\/2026\/04\/YorkTest-Laboratory-Parter-768x1024-1.jpg\"\n                            srcset=\"https:\/\/www.yorktest.com\/app\/uploads\/sites\/2\/2026\/04\/YorkTest-Laboratory-Parter-768x1024-1-225x300.jpg 300w, https:\/\/www.yorktest.com\/app\/uploads\/sites\/2\/2026\/04\/YorkTest-Laboratory-Parter-768x1024-1.jpg 768w, https:\/\/www.yorktest.com\/app\/uploads\/sites\/2\/2026\/04\/YorkTest-Laboratory-Parter-768x1024-1.jpg 1024w\"\n                            sizes=\"auto, (max-width: 640px) 100vw, (max-width: 1024px) 50vw, 450px\"\n                            alt=\"\"\n                            loading=\"lazy\"\n                            width=\"768\"\n                            height=\"1024\"\n                            class=\"w-full h-full object-cover object-center sm:object-top lg:object-center\"\n                            title=\"YorkTest-Laboratory-Parter-768x1024\"\n                        >\n                    <\/div>\n                \n                            <\/div>\n        <\/div>\n    <\/div>\n<\/section>\n\n\n\n\n\n\n<section class=\"two-column-image-video-and-text overflow-x-hidden bg-white pt-10 pb-10 lg:pt-20 lg:pb-20 \" id=\"\" data-block=\"two-column-image-video-and-text\">\n    <div class=\"container\">\n        <div class=\"grid grid-cols-3 sm:grid-cols-6 lg:grid-cols-12 gap-6 lg:gap-10\">\n            <div class=\"col-span-3 sm:col-span-6 flex flex-col justify-center gap-6 order-2  lg:order-1   \">\n                \n                                    <h2 class=\" text-2xl lg:text-5xl  leading-[1.2] text-yt-black \">\n                        Wissenschaftliche Leitung &#038; Forschung\n                    <\/h2>\n                \n                                    <div class=\"wysiwyg text-yt-black \">\n                        <h3>Dr. Naomi Newman-Beinart (PhD)<\/h3>\n<p><strong>YorkTest Ern\u00e4hrungsbotschafterin<\/strong><\/p>\n<p>Dr. Naomi Newman-Beinart ist Ern\u00e4hrungswissenschaftlerin und Chartered Psychologist mit einem forschungsorientierten Hintergrund in Gesundheitswissenschaft und Wohlbefinden. Sie ist spezialisiert auf die Wechselwirkungen zwischen Ern\u00e4hrung, psychischer Gesundheit und langfristiger Verhaltens\u00e4nderung und unterst\u00fctzt Menschen dabei, fundierte und selbstbewusste Entscheidungen f\u00fcr ihre Gesundheit auf Basis klarer, evidenzbasierter Informationen zu treffen.<\/p>\n<p>Mit umfassender Erfahrung als Wissenschaftlerin und Forscherin konzentriert sich Dr. Naomis Arbeit darauf, wie Ern\u00e4hrung, Lebensstil und Psychologie zusammenwirken und das Wohlbefinden beeinflussen. Ihre Expertise unterst\u00fctzt die Bildungsinhalte von YorkTest, die Kommunikation im Bereich Public Health sowie den evidenzbasierten Ansatz des Unternehmens in Bezug auf Ern\u00e4hrung und Darmgesundheit.<\/p>\n<p>Als Ern\u00e4hrungsbotschafterin von YorkTest liefert Dr. Naomi fundierte Einblicke in die Bereiche Ern\u00e4hrung, mentale Gesundheit und Verhaltens\u00e4nderung \u2013 und tr\u00e4gt dazu bei, komplexe wissenschaftliche Zusammenh\u00e4nge in praktische, leicht verst\u00e4ndliche Empfehlungen zu \u00fcbersetzen, die eine nachhaltige Gesundheit f\u00f6rdern.<\/p>\n\n                    <\/div>\n                \n                \n                            <\/div>\n\n            <div class=\"col-span-3 sm:col-span-6 order-1  lg:col-span-5   lg:col-start-8  \">\n                                    <div class=\"rounded-2xl overflow-hidden   sm:w-1\/2 lg:w-full lg:h-[400px] xl:h-[450px]  \">\n                        <img decoding=\"async\"\n                            src=\"https:\/\/www.yorktest.com\/app\/uploads\/sites\/2\/2026\/04\/Dr-Naomi-845x1024-1.jpg\"\n                            srcset=\"https:\/\/www.yorktest.com\/app\/uploads\/sites\/2\/2026\/04\/Dr-Naomi-845x1024-1-248x300.jpg 300w, https:\/\/www.yorktest.com\/app\/uploads\/sites\/2\/2026\/04\/Dr-Naomi-845x1024-1-768x931.jpg 768w, https:\/\/www.yorktest.com\/app\/uploads\/sites\/2\/2026\/04\/Dr-Naomi-845x1024-1.jpg 1024w\"\n                            sizes=\"auto, (max-width: 640px) 100vw, (max-width: 1024px) 50vw, 450px\"\n                            alt=\"Dr Naomi Newman-Beinart (PhD)\"\n                            loading=\"lazy\"\n                            width=\"845\"\n                            height=\"1024\"\n                            class=\"w-full h-full object-cover object-center sm:object-top lg:object-center\"\n                            title=\"Dr-Naomi-845x1024\"\n                        >\n                    <\/div>\n                \n                            <\/div>\n        <\/div>\n    <\/div>\n<\/section>\n\n\n\n\n\n\n<section class=\"two-column-image-video-and-text overflow-x-hidden bg-white pt-10 pb-10 lg:pt-20 lg:pb-20 \" id=\"\" data-block=\"two-column-image-video-and-text\">\n    <div class=\"container\">\n        <div class=\"grid grid-cols-3 sm:grid-cols-6 lg:grid-cols-12 gap-6 lg:gap-10\">\n            <div class=\"col-span-3 sm:col-span-6 flex flex-col justify-center gap-6 order-2  lg:order-2   lg:col-start-7  \">\n                \n                \n                                    <div class=\"wysiwyg text-yt-black \">\n                        <h3>Jan Clementson<\/h3>\n<p><strong>Beratender Leiter der Ern\u00e4hrungswissenschaft<\/strong><\/p>\n<p>Jan Clementson ist der beratende Leiter der Ern\u00e4hrungswissenschaft bei YorkTest und bringt umfassende fachliche Expertise in den Bereichen Ern\u00e4hrung, Darmgesundheit und Wohlbefinden ein. In enger Zusammenarbeit mit Dr. Naomi Newman-Beinart unterst\u00fctzt Jan die wissenschaftliche Integrit\u00e4t von YorkTest, indem er seine Fachkenntnisse in Bildungsinhalte, klinische Interpretation und ern\u00e4hrungsbezogene Beratung einbringt.<\/p>\n<p>Jan spielt eine zentrale Rolle dabei, sicherzustellen, dass die ern\u00e4hrungswissenschaftlichen Empfehlungen von YorkTest evidenzbasiert, ausgewogen und an Best Practices ausgerichtet bleiben \u2013 und unterst\u00fctzt so Kundinnen und Kunden, medizinische Fachkr\u00e4fte sowie den breiteren Gesundheitsdiskurs mit glaubw\u00fcrdiger, wissenschaftlich fundierter Expertise.<\/p>\n\n                    <\/div>\n                \n                \n                            <\/div>\n\n            <div class=\"col-span-3 sm:col-span-6 order-1  lg:col-span-5   \">\n                                    <div class=\"rounded-2xl overflow-hidden   sm:w-1\/2 lg:w-full lg:h-[400px] xl:h-[450px]  \">\n                        <img decoding=\"async\"\n                            src=\"https:\/\/www.yorktest.com\/app\/uploads\/sites\/2\/2026\/04\/Jan-Clementson.jpg\"\n                            srcset=\"https:\/\/www.yorktest.com\/app\/uploads\/sites\/2\/2026\/04\/Jan-Clementson-300x300.jpg 300w, https:\/\/www.yorktest.com\/app\/uploads\/sites\/2\/2026\/04\/Jan-Clementson-768x772.jpg 768w, https:\/\/www.yorktest.com\/app\/uploads\/sites\/2\/2026\/04\/Jan-Clementson.jpg 1024w\"\n                            sizes=\"auto, (max-width: 640px) 100vw, (max-width: 1024px) 50vw, 450px\"\n                            alt=\"Jan Clementson\"\n                            loading=\"lazy\"\n                            width=\"1019\"\n                            height=\"1024\"\n                            class=\"w-full h-full object-cover object-center sm:object-top lg:object-center\"\n                            title=\"Jan Clementson\"\n                        >\n                    <\/div>\n                \n                            <\/div>\n        <\/div>\n    <\/div>\n<\/section>\n\n\n\n\n\n\n<section class=\"two-column-image-video-and-text overflow-x-hidden bg-white pt-10 pb-10 lg:pt-20 lg:pb-20 \" id=\"\" data-block=\"two-column-image-video-and-text\">\n    <div class=\"container\">\n        <div class=\"grid grid-cols-3 sm:grid-cols-6 lg:grid-cols-12 gap-6 lg:gap-10\">\n            <div class=\"col-span-3 sm:col-span-6 flex flex-col justify-center gap-6 order-2  lg:order-1   \">\n                \n                                    <h2 class=\" text-2xl lg:text-5xl  leading-[1.2] text-yt-black \">\n                        Labor- &#038; Diagnostische Expertise\n                    <\/h2>\n                \n                                    <div class=\"wysiwyg text-yt-black \">\n                        <h3>Dr. Gill Hart BSc (Hons), PhD, Cert Mgmt (Open), FIBMS<\/h3>\n<p><strong>Pionierin der Lebensmittelunvertr\u00e4glichkeitstests, in Zusammenarbeit mit der Universit\u00e4t York<\/strong><\/p>\n<p>Dr. Gill Hart ist eine erfahrene Biochemikerin mit \u00fcber 30 Jahren Erfahrung in der Entwicklung und Validierung diagnostischer Tests und Testdienstleistungen auf Krankenhausniveau.<\/p>\n<p>Nach Abschluss ihrer Promotion im Bereich Hormonanalytik und Hypophysenfunktion im Jahr 1987 begann Gill ihre Karriere als leitende Biochemikerin am Hammersmith Hospital in London. Anschlie\u00dfend arbeitete sie in mehreren Forschungs- und Entwicklungsorganisationen und leitete die Entwicklung und Validierung innovativer diagnostischer Tests sowohl f\u00fcr den klinischen Einsatz als auch f\u00fcr den Verbrauchermarkt im Gesundheitsbereich.<\/p>\n<p>Dr. Gill, die 2005 zu YorkTest kam und im Juli 2025 in den Ruhestand ging, spielte eine entscheidende Rolle beim Aufbau des Unternehmens zum britischen Marktf\u00fchrer im Bereich Lebensmittelunvertr\u00e4glichkeiten, Nahrungsmittelallergien und Gesundheitstests. Ihre wissenschaftliche und regulatorische Expertise pr\u00e4gte jede Dienstleistung von YorkTest und stellte in jeder Phase Genauigkeit, Qualit\u00e4t und Konformit\u00e4t sicher \u2013 und begr\u00fcndete damit das Verm\u00e4chtnis von YorkTest als Anbieter wissenschaftlich fundierter Unterst\u00fctzung f\u00fcr Verbraucherinnen und Verbraucher, die ihre Gesundheit, Ern\u00e4hrung und ihr Wohlbefinden optimieren m\u00f6chten.<\/p>\n\n                    <\/div>\n                \n                \n                            <\/div>\n\n            <div class=\"col-span-3 sm:col-span-6 order-1  lg:col-span-5   lg:col-start-8  \">\n                                    <div class=\"rounded-2xl overflow-hidden   sm:w-1\/2 lg:w-full lg:h-[400px] xl:h-[450px]  \">\n                        <img decoding=\"async\"\n                            src=\"https:\/\/www.yorktest.com\/app\/uploads\/sites\/2\/2026\/04\/Dr-Gill-Hart.jpg\"\n                            srcset=\"https:\/\/www.yorktest.com\/app\/uploads\/sites\/2\/2026\/04\/Dr-Gill-Hart-300x300.jpg 300w, https:\/\/www.yorktest.com\/app\/uploads\/sites\/2\/2026\/04\/Dr-Gill-Hart-768x768.jpg 768w, https:\/\/www.yorktest.com\/app\/uploads\/sites\/2\/2026\/04\/Dr-Gill-Hart.jpg 1024w\"\n                            sizes=\"auto, (max-width: 640px) 100vw, (max-width: 1024px) 50vw, 450px\"\n                            alt=\"Dr. Gill Hart\"\n                            loading=\"lazy\"\n                            width=\"1024\"\n                            height=\"1024\"\n                            class=\"w-full h-full object-cover object-center sm:object-top lg:object-center\"\n                            title=\"Dr-Gill-Hart\"\n                        >\n                    <\/div>\n                \n                            <\/div>\n        <\/div>\n    <\/div>\n<\/section>\n\n\n\n\n\n\n<section class=\"two-column-image-video-and-text overflow-x-hidden bg-white pt-10 pb-10 lg:pt-20 lg:pb-20 \" id=\"\" data-block=\"two-column-image-video-and-text\">\n    <div class=\"container\">\n        <div class=\"grid grid-cols-3 sm:grid-cols-6 lg:grid-cols-12 gap-6 lg:gap-10\">\n            <div class=\"col-span-3 sm:col-span-6 flex flex-col justify-center gap-6 order-2  lg:order-2   lg:col-start-7  \">\n                \n                \n                                    <div class=\"wysiwyg text-yt-black \">\n                        <h3>Rob Wilson BSc (Hons), HCPC, MIBMS, aMBSH, CSci MRSB, PCQI<\/h3>\n<p><strong>Laborleiter<\/strong><\/p>\n<p>Rob Wilson ist ein beim HCPC registrierter Advanced Specialist Biomedical Scientist und Chartered Scientist mit mehr als 25 Jahren Erfahrung in den Blutwissenschaften, in GMP-Umgebungen sowie in stark regulierten Produktions- und Diagnostiklaboren. Als Mitglied der Royal Society of Biology bringt Rob umfassende wissenschaftliche Expertise sowie ein ausgepr\u00e4gtes Engagement f\u00fcr Qualit\u00e4t und Sicherheit mit.<\/p>\n<p>Im Laufe seiner Karriere hat sich Rob auf Labor-Governance, Qualit\u00e4tssicherung und die Bereitstellung pr\u00e4ziser, zuverl\u00e4ssiger diagnostischer Tests spezialisiert. Seine Erfahrung umfasst Einrichtungen, die den GMP- und GLP-Richtlinien entsprechen, Blutanalysen, Herstellungsprozesse sowie fortschrittliche zellul\u00e4re und molekulare Therapieplattformen.<\/p>\n<p>Rob verf\u00fcgt \u00fcber eine Vielzahl beruflicher Qualifikationen, darunter Zertifizierungen des Institute of Leadership and Management, eine Ausbildung als IRCA Lead Auditor, eine Lean Cell Leader-Akkreditierung sowie den Practitioner-Status beim Chartered Quality Institute.<\/p>\n<p>Er besitzt umfangreiche Erfahrung in der Arbeit nach strengen regulatorischen Standards, darunter MHRA, JACIE, HTA, BSQR, TQSR, ISO 15189 und ISO 13485. Seine T\u00e4tigkeit bildet die Grundlage f\u00fcr die Labor-Governance von YorkTest, die Audit-Bereitschaft und das Engagement f\u00fcr die Bereitstellung sicherer, qualitativ hochwertiger Testdienstleistungen.<\/p>\n<p>Bei YorkTest spielt Rob eine zentrale Rolle dabei, sicherzustellen, dass jeder Test strengen wissenschaftlichen und qualitativen Standards entspricht \u2013 und tr\u00e4gt so dazu bei, verl\u00e4ssliche, hochwertige Ergebnisse zu liefern, die Menschen dabei unterst\u00fctzen, ihre Gesundheit besser zu verstehen und zu verbessern.<\/p>\n\n                    <\/div>\n                \n                \n                            <\/div>\n\n            <div class=\"col-span-3 sm:col-span-6 order-1  lg:col-span-5   \">\n                                    <div class=\"rounded-2xl overflow-hidden   sm:w-1\/2 lg:w-full lg:h-[400px] xl:h-[450px]  \">\n                        <img decoding=\"async\"\n                            src=\"https:\/\/www.yorktest.com\/app\/uploads\/sites\/2\/2026\/04\/Rob-Wilson.jpg\"\n                            srcset=\"https:\/\/www.yorktest.com\/app\/uploads\/sites\/2\/2026\/04\/Rob-Wilson-300x300.jpg 300w, https:\/\/www.yorktest.com\/app\/uploads\/sites\/2\/2026\/04\/Rob-Wilson.jpg 768w, https:\/\/www.yorktest.com\/app\/uploads\/sites\/2\/2026\/04\/Rob-Wilson.jpg 1024w\"\n                            sizes=\"auto, (max-width: 640px) 100vw, (max-width: 1024px) 50vw, 450px\"\n                            alt=\"Rob Wilson\"\n                            loading=\"lazy\"\n                            width=\"600\"\n                            height=\"600\"\n                            class=\"w-full h-full object-cover object-center sm:object-top lg:object-center\"\n                            title=\"Rob Wilson\"\n                        >\n                    <\/div>\n                \n                            <\/div>\n        <\/div>\n    <\/div>\n<\/section>\n\n\n\n\n\n\n<section class=\"two-column-image-video-and-text overflow-x-hidden bg-white pt-10 pb-10 lg:pt-20 lg:pb-20 \" id=\"\" data-block=\"two-column-image-video-and-text\">\n    <div class=\"container\">\n        <div class=\"grid grid-cols-3 sm:grid-cols-6 lg:grid-cols-12 gap-6 lg:gap-10\">\n            <div class=\"col-span-3 sm:col-span-6 flex flex-col justify-center gap-6 order-2  lg:order-1   \">\n                \n                \n                                    <div class=\"wysiwyg text-yt-black \">\n                        <h3>Angie Swift BSc (Hons), HCPC, MIBMS<\/h3>\n<p><strong>Laborleiterin<\/strong><\/p>\n<p>Angie Swift ist eine beim HCPC registrierte Specialist Biomedical Scientist mit \u00fcber 16 Jahren Laborerfahrung, davon 12 Jahre als qualifizierte BMS.<\/p>\n<p>Sie verf\u00fcgt \u00fcber ein IBMS Specialist Diploma in Biochemistry und ist eine multidisziplin\u00e4re Wissenschaftlerin mit Erfahrung in den Bereichen Biochemie, H\u00e4matologie, Gerinnung und Bluttransfusion. Angie hat umfangreiche Erfahrung im NHS gesammelt und potenziell infekti\u00f6se Proben sowohl mit manuellen als auch mit automatisierten Labortechniken analysiert.<\/p>\n<p>Angie ist hochqualifiziert im Umgang mit Standardarbeitsanweisungen (SOPs) und stellt sicher, dass alle Laborpraktiken den Normen ISO 15189, ISO 13485 sowie den UKAS-Standards entsprechen. Dar\u00fcber hinaus bringt sie fundierte Expertise in den Bereichen klinische Governance, COSHH, Auditprozesse sowie Gesundheit und Sicherheit im Labor mit.<\/p>\n\n                    <\/div>\n                \n                \n                            <\/div>\n\n            <div class=\"col-span-3 sm:col-span-6 order-1  lg:col-span-5   lg:col-start-8  \">\n                                    <div class=\"rounded-2xl overflow-hidden   sm:w-1\/2 lg:w-full lg:h-[400px] xl:h-[450px]  \">\n                        <img decoding=\"async\"\n                            src=\"https:\/\/www.yorktest.com\/app\/uploads\/sites\/2\/2026\/04\/Angela-Swift-600x600-1.jpg\"\n                            srcset=\"https:\/\/www.yorktest.com\/app\/uploads\/sites\/2\/2026\/04\/Angela-Swift-600x600-1-300x300.jpg 300w, https:\/\/www.yorktest.com\/app\/uploads\/sites\/2\/2026\/04\/Angela-Swift-600x600-1.jpg 768w, https:\/\/www.yorktest.com\/app\/uploads\/sites\/2\/2026\/04\/Angela-Swift-600x600-1.jpg 1024w\"\n                            sizes=\"auto, (max-width: 640px) 100vw, (max-width: 1024px) 50vw, 450px\"\n                            alt=\"Angie Swift\"\n                            loading=\"lazy\"\n                            width=\"600\"\n                            height=\"600\"\n                            class=\"w-full h-full object-cover object-center sm:object-top lg:object-center\"\n                            title=\"Angela-Swift-600x600-1\"\n                        >\n                    <\/div>\n                \n                            <\/div>\n        <\/div>\n    <\/div>\n<\/section>\n\n\n\n\n\n\n<section class=\"two-column-image-video-and-text overflow-x-hidden bg-white pt-10 pb-10 lg:pt-20 lg:pb-20 \" id=\"\" data-block=\"two-column-image-video-and-text\">\n    <div class=\"container\">\n        <div class=\"grid grid-cols-3 sm:grid-cols-6 lg:grid-cols-12 gap-6 lg:gap-10\">\n            <div class=\"col-span-3 sm:col-span-6 flex flex-col justify-center gap-6 order-2  lg:order-2   lg:col-start-7  \">\n                \n                                    <h2 class=\" text-2xl lg:text-5xl  leading-[1.2] text-yt-black \">\n                        Unser Engagement f\u00fcr wissenschaftliche Integrit\u00e4t\n                    <\/h2>\n                \n                                    <div class=\"wysiwyg text-yt-black \">\n                        <p>Gemeinsam stellen die wissenschaftlichen Expertinnen und Experten von YorkTest sicher, dass jeder von uns angebotene Test:<\/p>\n<ul>\n<li>nach Krankenhausstandard entwickelt und validiert wird<\/li>\n<li>in akkreditierten Laborumgebungen analysiert wird<\/li>\n<li>anhand evidenzbasierter und verantwortungsvoller Ans\u00e4tze interpretiert wird<\/li>\n<li>durch klare, fachkundige Beratung unterst\u00fctzt wird<\/li>\n<\/ul>\n<p>Diese multidisziplin\u00e4re Expertise erm\u00f6glicht es YorkTest, die L\u00fccke zwischen Laborwissenschaft und allt\u00e4glicher Gesundheit zu schlie\u00dfen \u2013 und Menschen mit vertrauensw\u00fcrdigen Informationen sowie verl\u00e4sslicher Unterst\u00fctzung zu st\u00e4rken.<\/p>\n\n                    <\/div>\n                \n                \n                            <\/div>\n\n            <div class=\"col-span-3 sm:col-span-6 order-1  lg:col-span-5   \">\n                                    <div class=\"rounded-2xl overflow-hidden   sm:w-1\/2 lg:w-full lg:h-[400px] xl:h-[450px]  \">\n                        <img decoding=\"async\"\n                            src=\"https:\/\/www.yorktest.com\/app\/uploads\/sites\/2\/2026\/04\/YorkTest_Science-1024x768-1.jpg\"\n                            srcset=\"https:\/\/www.yorktest.com\/app\/uploads\/sites\/2\/2026\/04\/YorkTest_Science-1024x768-1-300x225.jpg 300w, https:\/\/www.yorktest.com\/app\/uploads\/sites\/2\/2026\/04\/YorkTest_Science-1024x768-1-768x576.jpg 768w, https:\/\/www.yorktest.com\/app\/uploads\/sites\/2\/2026\/04\/YorkTest_Science-1024x768-1.jpg 1024w\"\n                            sizes=\"auto, (max-width: 640px) 100vw, (max-width: 1024px) 50vw, 450px\"\n                            alt=\"Unser wissenschaft\"\n                            loading=\"lazy\"\n                            width=\"1024\"\n                            height=\"768\"\n                            class=\"w-full h-full object-cover object-center sm:object-top lg:object-center\"\n                            title=\"YorkTest_Science-1024x768-1\"\n                        >\n                    <\/div>\n                \n                            <\/div>\n        <\/div>\n    <\/div>\n<\/section>","protected":false},"excerpt":{"rendered":"","protected":false},"author":6,"featured_media":2452,"parent":0,"menu_order":0,"comment_status":"closed","ping_status":"closed","template":"","meta":{"_acf_changed":false,"footnotes":""},"class_list":["post-2451","page","type-page","status-publish","has-post-thumbnail","hentry"],"acf":[],"_links":{"self":[{"href":"https:\/\/www.yorktest.com\/de\/wp-json\/wp\/v2\/pages\/2451","targetHints":{"allow":["GET"]}}],"collection":[{"href":"https:\/\/www.yorktest.com\/de\/wp-json\/wp\/v2\/pages"}],"about":[{"href":"https:\/\/www.yorktest.com\/de\/wp-json\/wp\/v2\/types\/page"}],"author":[{"embeddable":true,"href":"https:\/\/www.yorktest.com\/de\/wp-json\/wp\/v2\/users\/6"}],"replies":[{"embeddable":true,"href":"https:\/\/www.yorktest.com\/de\/wp-json\/wp\/v2\/comments?post=2451"}],"version-history":[{"count":4,"href":"https:\/\/www.yorktest.com\/de\/wp-json\/wp\/v2\/pages\/2451\/revisions"}],"predecessor-version":[{"id":2470,"href":"https:\/\/www.yorktest.com\/de\/wp-json\/wp\/v2\/pages\/2451\/revisions\/2470"}],"wp:featuredmedia":[{"embeddable":true,"href":"https:\/\/www.yorktest.com\/de\/wp-json\/wp\/v2\/media\/2452"}],"wp:attachment":[{"href":"https:\/\/www.yorktest.com\/de\/wp-json\/wp\/v2\/media?parent=2451"}],"curies":[{"name":"wp","href":"https:\/\/api.w.org\/{rel}","templated":true}]}}