{"id":1092,"date":"2025-08-13T11:08:31","date_gmt":"2025-08-13T11:08:31","guid":{"rendered":"https:\/\/www.yorktest.com\/de\/?page_id=1092"},"modified":"2025-10-11T14:59:00","modified_gmt":"2025-10-11T14:59:00","slug":"ueber-uns","status":"publish","type":"page","link":"https:\/\/www.yorktest.com\/de\/ueber-uns\/","title":{"rendered":"\u00a0\u00dcber uns"},"content":{"rendered":"\n\n                \n<section class=\"pt-6 pb-6 lg:pt-8 lg:pb-8 \" id=\"\" data-section=\"breadcrumbs\">\n    <div class=\"container\">\n        <div class=\"flex\">\n            <nav aria-label=\"breadcrumbs\" class=\"rank-math-breadcrumb\"><p><span class=\"last\">Startseite<\/span><\/p><\/nav>\n        <\/div>\n    <\/div>\n<\/section>\n\n\n\n\n\n\n<section class=\"two-column-image-video-and-text overflow-x-hidden bg-white pt-0 pb-10 lg:pt-0 lg:pb-20 \" id=\"\" data-block=\"two-column-image-video-and-text\">\n    <div class=\"container\">\n        <div class=\"grid grid-cols-3 sm:grid-cols-6 lg:grid-cols-12 gap-6 lg:gap-10\">\n            <div class=\"col-span-3 sm:col-span-6 flex flex-col justify-center gap-6 order-2  lg:order-2   \">\n                \n                                    <h1 class=\" text-2xl lg:text-5xl  leading-[1.2] text-yt-black \">\n                        Unser Unternehmen\n                    <\/h1>\n                \n                                    <div class=\"wysiwyg text-yt-black \">\n                        <h3><span style=\"color: #00b8aa;\"><strong>Gewinnen Sie die Kontrolle \u00fcber Ihre Ern\u00e4hrung, Gesundheit und Ihr Wohlbefinden zur\u00fcck.<\/strong><\/span><\/h3>\n<p>YorkTest ist ein f\u00fchrendes Gesundheits- und Wellnessunternehmen mit \u00fcber 40 Jahren Erfahrung und wissenschaftlicher Expertise in der Bereitstellung von Heim-zu-Labor-Tests sowie effektiver Gesundheits- und Wellnessberatung und -unterst\u00fctzung.<\/p>\n<p>Unsere Tests f\u00fcr Lebensmittelunvertr\u00e4glichkeiten*, Allergien und Gesundheit sind darauf ausgelegt, Ihnen zu helfen, Ihre Gesundheit und Ihr Wohlbefinden besser zu verstehen, selbst in die Hand zu nehmen und zu optimieren.<\/p>\n\n                    <\/div>\n                \n                \n                            <\/div>\n\n            <div class=\"col-span-3 sm:col-span-6 order-1    lg:order-1 \">\n                                    <div class=\"rounded-2xl overflow-hidden   sm:w-1\/2 lg:w-full lg:h-[400px] xl:h-[450px]  \">\n                        <img decoding=\"async\"\n                            src=\"https:\/\/www.yorktest.com\/app\/uploads\/sites\/2\/2025\/08\/Depositphotos_159265648_xl-2015-2.jpg\"\n                            srcset=\"https:\/\/www.yorktest.com\/app\/uploads\/sites\/2\/2025\/08\/Depositphotos_159265648_xl-2015-2-300x200.jpg 300w, https:\/\/www.yorktest.com\/app\/uploads\/sites\/2\/2025\/08\/Depositphotos_159265648_xl-2015-2-768x512.jpg 768w, https:\/\/www.yorktest.com\/app\/uploads\/sites\/2\/2025\/08\/Depositphotos_159265648_xl-2015-2.jpg 1024w\"\n                            sizes=\"auto, (max-width: 640px) 100vw, (max-width: 1024px) 50vw, 450px\"\n                            alt=\"\"\n                            loading=\"lazy\"\n                            width=\"1024\"\n                            height=\"683\"\n                            class=\"w-full h-full object-cover object-center sm:object-top lg:object-center\"\n                            title=\"Depositphotos_159265648_xl-2015 (2)\"\n                        >\n                    <\/div>\n                \n                            <\/div>\n        <\/div>\n    <\/div>\n<\/section>\n\n\n\n\n<section class=\"bg-white pt-10 pb-10 lg:pt-20 lg:pb-20 \" id=\"\" data-block=\"generic-content\">\n    <div class=\"container\">\n        <div class=\"w-full \">\n                            <div class=\"wysiwyg\">\n                    <h3 class=\"block-title mb-6\" style=\"text-align: center;\"><span style=\"color: #00b8aa;\">Den Lebensmittelunvertr\u00e4glichkeitstest durchf\u00fchren<\/span><\/h3>\n<p style=\"text-align: center; margin-bottom: 40px;\">YorkTest bietet einen vollst\u00e4ndigen Heimlabor-Service f\u00fcr alle Tests und Programme an. Ihr Test-Kit wird Ihnen per Post zugeschickt, inklusive eines adressierten und frankierten R\u00fcckumschlags, um Ihre Probe zur\u00fcckzusenden. Sobald Ihre Probe getestet wurde, erhalten Sie Ihre Ergebnisse per Post.<\/p>\n\n                <\/div>\n            \n                    <\/div>\n    <\/div>\n<\/section>\n\n\n\n\n<section class=\"relative h-[624px] pt-0 pb-0 lg:pt-0 lg:pb-0 \" id=\"\" data-block=\"landing-page-image-video\">\n            <picture class=\"absolute -z-[1] top-0 left-0 w-full h-full\">\n            <source media=\"(min-width: 1024px)\" srcset=\"https:\/\/www.yorktest.com\/app\/uploads\/sites\/2\/2025\/09\/YorkTest-Lab-85-of-122-1024x683-1.jpg\">\n            <source media=\"(min-width: 640px)\" srcset=\"https:\/\/www.yorktest.com\/app\/uploads\/sites\/2\/2025\/09\/YorkTest-Lab-85-of-122-1024x683-1.jpg\">\n            <img decoding=\"async\" src=\"https:\/\/www.yorktest.com\/app\/uploads\/sites\/2\/2025\/09\/YorkTest-Lab-85-of-122-1024x683-1-768x512.jpg\" alt=\"\" loading=\"lazy\" class=\"w-full h-full object-cover object-center\">\n        <\/picture>\n    \n    <div class=\"container\">\n        <div class=\"relative flex flex-col lg:flex-row flex-wrap gap-6 justify-end lg:items-end lg:justify-between h-[624px] py-10 lg:py-20\">\n            \n                            <button type=\"button\" class=\"btn btn--outline-white btn--lg js-play-button\" data-video-trigger>\n                    <svg xmlns=\"http:\/\/www.w3.org\/2000\/svg\" width=\"16\" viewBox=\"0 0 10.11 13\" class=\"ml-1\" aria-hidden=\"true\">\n                        <path d=\"M.72,13a.84.84,0,0,1-.34-.08A.75.75,0,0,1,0,12.28V.72A.72.72,0,0,1,1.12.12L9.79,5.9a.72.72,0,0,1,0,1.2L1.12,12.88a.72.72,0,0,1-.4.12Z\" transform=\"translate(0 0)\" style=\"fill:#00b8aa\"\/>\n                    <\/svg>\n\n                    <span class=\"block ml-4 flex-shrink-0\">\n                        Abspielen\n                    <\/span>\n                <\/button>\n                    <\/div>\n\n                    <div class=\"h-full w-full relative js-video\">\n                <div class=\"fixed inset-0 z-50 bg-yt-black\/80 flex items-center justify-center hidden js-video-modal p-4\" data-video-modal>\n                    <div class=\"relative w-full aspect-video max-h-[700px] max-w-[960px]\">\n                        <iframe src=\"https:\/\/player.vimeo.com\/video\/1032247171?autoplay=1\" title=\"Wir Sind\" loading=\"lazy\" class=\"w-full h-full rounded-xl\" allow=\"autoplay; fullscreen\" allowfullscreen><\/iframe>\n                        \n                        <button class=\"absolute -top-10 right-2 text-white text-base sm:text-2xl js-close-video\" data-close-video aria-label=\"Close video\">\n                            <svg xmlns=\"http:\/\/www.w3.org\/2000\/svg\" viewBox=\"0 0 384 512\" aria-hidden=\"true\" fill=\"white\" class=\"w-8 h-8\"><!--!Font Awesome Free 6.7.2 by @fontawesome - https:\/\/fontawesome.com License - https:\/\/fontawesome.com\/license\/free Copyright 2025 Fonticons, Inc.--><path d=\"M342.6 150.6c12.5-12.5 12.5-32.8 0-45.3s-32.8-12.5-45.3 0L192 210.7 86.6 105.4c-12.5-12.5-32.8-12.5-45.3 0s-12.5 32.8 0 45.3L146.7 256 41.4 361.4c-12.5 12.5-12.5 32.8 0 45.3s32.8 12.5 45.3 0L192 301.3 297.4 406.6c12.5 12.5 32.8 12.5 45.3 0s12.5-32.8 0-45.3L237.3 256 342.6 150.6z\"\/><\/svg>\n                        <\/button>\n                    <\/div>\n                <\/div>                    \n            <\/div>\n            <\/div>\n\n    <div class=\"gradient-overlay\"><\/div>\n<\/section>\n\n\n\n\n\n\n<section class=\"two-column-image-video-and-text overflow-x-hidden bg-white pt-10 pb-10 lg:pt-20 lg:pb-20 \" id=\"\" data-block=\"two-column-image-video-and-text\">\n    <div class=\"container\">\n        <div class=\"grid grid-cols-3 sm:grid-cols-6 lg:grid-cols-12 gap-6 lg:gap-10\">\n            <div class=\"col-span-3 sm:col-span-6 flex flex-col justify-center gap-6 order-2  lg:order-2   lg:col-start-7   items-center \">\n                                    <h2 class=\" text-base text-yt-mid-grey uppercase tracking-widest   text-center \">\n                        Unser Kundenservice-Team\n                    <\/h2>\n                \n                                    <h2 class=\" text-xl lg:text-3xl  leading-[1.2] text-yt-bright-teal  text-center \">\n                        Unterst\u00fctzung, wann immer Sie sie brauchen\n                    <\/h2>\n                \n                                    <div class=\"wysiwyg text-yt-black  text-center \">\n                        <p>Unsere Kunden stehen im Mittelpunkt unseres Handelns. Daher freut es uns sehr, dass vier von f\u00fcnf Kunden uns ihren Familien und Freunden weiterempfehlen w\u00fcrden. Unser umfassender Aftercare-Service, die Validierung unserer Tests und unser Engagement f\u00fcr Sie haben f\u00fcr uns oberste Priorit\u00e4t.<\/p>\n<p>Wir haben eine Kundenzufriedenheitsrate von 92 % und bieten bei jedem vollst\u00e4ndigen Test eine pers\u00f6nliche Ern\u00e4hrungsnachsorge an. Damit stellen wir sicher, dass Sie nicht im Unklaren dar\u00fcber bleiben, wie Sie Ihre Ergebnisse in die Tat umsetzen k\u00f6nnen. Diese 30-min\u00fctigen Telefonberatungen konzentrieren sich auf Ihre aktuelle Ern\u00e4hrung und wie Sie reaktionsausl\u00f6sende Lebensmittel durch andere nahrhafte Alternativen ersetzen k\u00f6nnen.<\/p>\n\n                    <\/div>\n                \n                \n                            <\/div>\n\n            <div class=\"col-span-3 sm:col-span-6 order-1  lg:col-span-5   \">\n                                    <div class=\"rounded-2xl overflow-hidden   sm:w-1\/2 lg:w-full lg:h-[400px] xl:h-[450px]   mx-auto \">\n                        <img decoding=\"async\"\n                            src=\"https:\/\/www.yorktest.com\/app\/uploads\/sites\/2\/2025\/08\/customer-care-team-600x600-1.png\"\n                            srcset=\"https:\/\/www.yorktest.com\/app\/uploads\/sites\/2\/2025\/08\/customer-care-team-600x600-1-300x300.png 300w, https:\/\/www.yorktest.com\/app\/uploads\/sites\/2\/2025\/08\/customer-care-team-600x600-1.png 768w, https:\/\/www.yorktest.com\/app\/uploads\/sites\/2\/2025\/08\/customer-care-team-600x600-1.png 1024w\"\n                            sizes=\"auto, (max-width: 640px) 100vw, (max-width: 1024px) 50vw, 450px\"\n                            alt=\"\"\n                            loading=\"lazy\"\n                            width=\"600\"\n                            height=\"600\"\n                            class=\"w-full h-full object-cover object-center sm:object-top lg:object-center\"\n                            title=\"customer-care-team-600x600\"\n                        >\n                    <\/div>\n                \n                            <\/div>\n        <\/div>\n    <\/div>\n<\/section>\n\n\n\n\n\n\n<section class=\"two-column-image-video-and-text overflow-x-hidden bg-white pt-10 pb-10 lg:pt-20 lg:pb-20 \" id=\"\" data-block=\"two-column-image-video-and-text\">\n    <div class=\"container\">\n        <div class=\"grid grid-cols-3 sm:grid-cols-6 lg:grid-cols-12 gap-6 lg:gap-10\">\n            <div class=\"col-span-3 sm:col-span-6 flex flex-col justify-center gap-6 order-2  lg:order-1    items-center \">\n                                    <h2 class=\" text-base text-yt-mid-grey uppercase tracking-widest   text-center \">\n                        Gegr\u00fcndet 1982\n                    <\/h2>\n                \n                                    <h2 class=\" text-xl lg:text-3xl  leading-[1.2] text-yt-bright-teal  text-center \">\n                        Intoleranz-, Allergie- und Gesundheitstests\n                    <\/h2>\n                \n                                    <div class=\"wysiwyg text-yt-black  text-center \">\n                        <p>Bei YorkTest pr\u00fcfen wir Ihren Test in allen entscheidenden Phasen des gesamten Laborprozesses, bevor wir Ihnen das endg\u00fcltige Ergebnis \u00fcbermitteln. Wir warten und kalibrieren die Ger\u00e4te zur Analyse Ihrer Probe umfassend, um h\u00f6chste Genauigkeit sicherzustellen. Die Testergebnisse werden sorgf\u00e4ltig gepr\u00fcft und erst freigegeben, wenn wir vollst\u00e4ndig zufrieden sind. Dabei setzen wir modernste Informationstechnologie ein, um h\u00f6chste Pr\u00e4zision in allen Laborprozessen zu gew\u00e4hrleisten.<\/p>\n<p>Ihre Tests auf Nahrungsmittelunvertr\u00e4glichkeiten*, Allergien und Gesundheit werden von ausgebildeten, qualifizierten Wissenschaftler:innen in unserem hauseigenen YorkTest-Labor durchgef\u00fchrt. Einige unserer Gesundheitstests werden von akkreditierten Partnerlaboren durchgef\u00fchrt. W\u00e4hrend des gesamten Prozesses wird die Vertraulichkeit Ihrer Tests durch die Verwendung einer eindeutigen Kennnummer gewahrt, die eine Nachverfolgung in jeder Phase erm\u00f6glicht und gleichzeitig den Datenschutz sicherstellt.<\/p>\n\n                    <\/div>\n                \n                \n                            <\/div>\n\n            <div class=\"col-span-3 sm:col-span-6 order-1  lg:col-span-5   lg:col-start-8  \">\n                                    <div class=\"rounded-2xl overflow-hidden   sm:w-1\/2 lg:w-full lg:h-[400px] xl:h-[450px]   mx-auto \">\n                        <img decoding=\"async\"\n                            src=\"https:\/\/www.yorktest.com\/app\/uploads\/sites\/2\/2025\/08\/about-us-new-1-600x600-1.png\"\n                            srcset=\"https:\/\/www.yorktest.com\/app\/uploads\/sites\/2\/2025\/08\/about-us-new-1-600x600-1-300x300.png 300w, https:\/\/www.yorktest.com\/app\/uploads\/sites\/2\/2025\/08\/about-us-new-1-600x600-1.png 768w, https:\/\/www.yorktest.com\/app\/uploads\/sites\/2\/2025\/08\/about-us-new-1-600x600-1.png 1024w\"\n                            sizes=\"auto, (max-width: 640px) 100vw, (max-width: 1024px) 50vw, 450px\"\n                            alt=\"\"\n                            loading=\"lazy\"\n                            width=\"600\"\n                            height=\"600\"\n                            class=\"w-full h-full object-cover object-center sm:object-top lg:object-center\"\n                            title=\"about-us-new-1-600x600-1\"\n                        >\n                    <\/div>\n                \n                            <\/div>\n        <\/div>\n    <\/div>\n<\/section>\n\n\n\n\n\n\n<section class=\"two-column-image-video-and-text overflow-x-hidden bg-white pt-10 pb-10 lg:pt-20 lg:pb-20 \" id=\"\" data-block=\"two-column-image-video-and-text\">\n    <div class=\"container\">\n        <div class=\"grid grid-cols-3 sm:grid-cols-6 lg:grid-cols-12 gap-6 lg:gap-10\">\n            <div class=\"col-span-3 sm:col-span-6 flex flex-col justify-center gap-6 order-2  lg:order-2   lg:col-start-7   items-center \">\n                                    <h2 class=\" text-base text-yt-mid-grey uppercase tracking-widest   text-center \">\n                        Unser Qualit\u00e4tsversprechen\n                    <\/h2>\n                \n                                    <h2 class=\" text-xl lg:text-3xl  leading-[1.2] text-yt-bright-teal  text-center \">\n                        Genauigkeit und Einhaltung der h\u00f6chsten Standards\n                    <\/h2>\n                \n                                    <div class=\"wysiwyg text-yt-black  text-center \">\n                        <p>Wir geben Ihre Testergebnisse niemals ohne Ihre Zustimmung oder ohne gerichtliche Anordnung an Dritte weiter. Ihre Informationen werden jederzeit sicher aufbewahrt und entsprechen den neuesten Datenschutzbestimmungen und der DSGVO.<\/p>\n<p>Unsere Qualit\u00e4tssicherungsverfahren werden von unabh\u00e4ngigen Beh\u00f6rden gepr\u00fcft, um die Einhaltung internationaler Vorschriften (ISO 13485:2016) zu gew\u00e4hrleisten. YorkTest-Labore produzieren einzigartige, sterile Blutentnahmekits, die der europ\u00e4ischen Verordnung \u00fcber Medizinprodukte 2017\/745, Artikel 22, und der europ\u00e4ischen Richtlinie \u00fcber In-vitro-Diagnostika 98\/79\/EG entsprechen.<\/p>\n\n                    <\/div>\n                \n                \n                            <\/div>\n\n            <div class=\"col-span-3 sm:col-span-6 order-1  lg:col-span-5   \">\n                                    <div class=\"rounded-2xl overflow-hidden   sm:w-1\/2 lg:w-full lg:h-[400px] xl:h-[450px]   mx-auto \">\n                        <img decoding=\"async\"\n                            src=\"https:\/\/www.yorktest.com\/app\/uploads\/sites\/2\/2025\/08\/Accurate-and-quality-assured-res-3.png\"\n                            srcset=\"https:\/\/www.yorktest.com\/app\/uploads\/sites\/2\/2025\/08\/Accurate-and-quality-assured-res-3-300x300.png 300w, https:\/\/www.yorktest.com\/app\/uploads\/sites\/2\/2025\/08\/Accurate-and-quality-assured-res-3.png 768w, https:\/\/www.yorktest.com\/app\/uploads\/sites\/2\/2025\/08\/Accurate-and-quality-assured-res-3.png 1024w\"\n                            sizes=\"auto, (max-width: 640px) 100vw, (max-width: 1024px) 50vw, 450px\"\n                            alt=\"\"\n                            loading=\"lazy\"\n                            width=\"600\"\n                            height=\"600\"\n                            class=\"w-full h-full object-cover object-center sm:object-top lg:object-center\"\n                            title=\"Accurate-and-quality-assured-res (3)\"\n                        >\n                    <\/div>\n                \n                            <\/div>\n        <\/div>\n    <\/div>\n<\/section>\n\n\n\n\n\n\n<section class=\"two-column-image-video-and-text overflow-x-hidden bg-white pt-10 pb-10 lg:pt-20 lg:pb-20 \" id=\"\" data-block=\"two-column-image-video-and-text\">\n    <div class=\"container\">\n        <div class=\"grid grid-cols-3 sm:grid-cols-6 lg:grid-cols-12 gap-6 lg:gap-10\">\n            <div class=\"col-span-3 sm:col-span-6 flex flex-col justify-center gap-6 order-2  lg:order-1    items-center \">\n                                    <h2 class=\" text-base text-yt-mid-grey uppercase tracking-widest   text-center \">\n                        Qualit\u00e4tsgarantie\n                    <\/h2>\n                \n                                    <h2 class=\" text-xl lg:text-3xl  leading-[1.2] text-yt-bright-teal  text-center \">\n                        Kontinuierliche Unterst\u00fctzung\n                    <\/h2>\n                \n                                    <div class=\"wysiwyg text-yt-black  text-center \">\n                        <p>Zusammen mit Ihren Ergebnissen erhalten Sie umfassende Unterst\u00fctzungsinformationen, um Ihre optimale Gesundheit aufrechtzuerhalten. Kunden, die einen Lebensmittel-spezifischen IgG-Test durchf\u00fchren lassen, erhalten zus\u00e4tzlich pers\u00f6nliche, individuelle Beratung von qualifizierten Ern\u00e4hrungsberatern, um ihre Ern\u00e4hrungsumstellung zu unterst\u00fctzen.<\/p>\n\n                    <\/div>\n                \n                \n                            <\/div>\n\n            <div class=\"col-span-3 sm:col-span-6 order-1  lg:col-span-5   lg:col-start-8  \">\n                                    <div class=\"rounded-2xl overflow-hidden   sm:w-1\/2 lg:w-full lg:h-[400px] xl:h-[450px]   mx-auto \">\n                        <img decoding=\"async\"\n                            src=\"https:\/\/www.yorktest.com\/app\/uploads\/sites\/2\/2025\/08\/knowledge-and-expertise-2-600x60-1.png\"\n                            srcset=\"https:\/\/www.yorktest.com\/app\/uploads\/sites\/2\/2025\/08\/knowledge-and-expertise-2-600x60-1-300x300.png 300w, https:\/\/www.yorktest.com\/app\/uploads\/sites\/2\/2025\/08\/knowledge-and-expertise-2-600x60-1.png 768w, https:\/\/www.yorktest.com\/app\/uploads\/sites\/2\/2025\/08\/knowledge-and-expertise-2-600x60-1.png 1024w\"\n                            sizes=\"auto, (max-width: 640px) 100vw, (max-width: 1024px) 50vw, 450px\"\n                            alt=\"\"\n                            loading=\"lazy\"\n                            width=\"600\"\n                            height=\"600\"\n                            class=\"w-full h-full object-cover object-center sm:object-top lg:object-center\"\n                            title=\"knowledge-and-expertise-2-600x60\"\n                        >\n                    <\/div>\n                \n                            <\/div>\n        <\/div>\n    <\/div>\n<\/section>","protected":false},"excerpt":{"rendered":"","protected":false},"author":1,"featured_media":0,"parent":0,"menu_order":0,"comment_status":"closed","ping_status":"closed","template":"","meta":{"_acf_changed":false,"footnotes":""},"class_list":["post-1092","page","type-page","status-publish","hentry"],"acf":[],"_links":{"self":[{"href":"https:\/\/www.yorktest.com\/de\/wp-json\/wp\/v2\/pages\/1092","targetHints":{"allow":["GET"]}}],"collection":[{"href":"https:\/\/www.yorktest.com\/de\/wp-json\/wp\/v2\/pages"}],"about":[{"href":"https:\/\/www.yorktest.com\/de\/wp-json\/wp\/v2\/types\/page"}],"author":[{"embeddable":true,"href":"https:\/\/www.yorktest.com\/de\/wp-json\/wp\/v2\/users\/1"}],"replies":[{"embeddable":true,"href":"https:\/\/www.yorktest.com\/de\/wp-json\/wp\/v2\/comments?post=1092"}],"version-history":[{"count":4,"href":"https:\/\/www.yorktest.com\/de\/wp-json\/wp\/v2\/pages\/1092\/revisions"}],"predecessor-version":[{"id":1737,"href":"https:\/\/www.yorktest.com\/de\/wp-json\/wp\/v2\/pages\/1092\/revisions\/1737"}],"wp:attachment":[{"href":"https:\/\/www.yorktest.com\/de\/wp-json\/wp\/v2\/media?parent=1092"}],"curies":[{"name":"wp","href":"https:\/\/api.w.org\/{rel}","templated":true}]}}