{"id":1086,"date":"2025-08-13T11:01:23","date_gmt":"2025-08-13T11:01:23","guid":{"rendered":"https:\/\/www.yorktest.com\/de\/?page_id=1086"},"modified":"2025-10-31T16:48:16","modified_gmt":"2025-10-31T16:48:16","slug":"unsere-experten","status":"publish","type":"page","link":"https:\/\/www.yorktest.com\/de\/unsere-experten\/","title":{"rendered":"Unsere Experten"},"content":{"rendered":"\n\n\n<section class=\"pt-6 pb-6 lg:pt-8 lg:pb-8 \" id=\"\" data-section=\"breadcrumbs\">\n    <div class=\"container\">\n        <div class=\"flex\">\n            <nav aria-label=\"breadcrumbs\" class=\"rank-math-breadcrumb\"><p><span class=\"last\">Startseite<\/span><\/p><\/nav>\n        <\/div>\n    <\/div>\n<\/section>\n\n\n\n\n\n\n<section class=\"two-column-image-video-and-text overflow-x-hidden bg-white pt-0 pb-10 lg:pt-0 lg:pb-20 \" id=\"\" data-block=\"two-column-image-video-and-text\">\n    <div class=\"container\">\n        <div class=\"grid grid-cols-3 sm:grid-cols-6 lg:grid-cols-12 gap-6 lg:gap-10\">\n            <div class=\"col-span-3 sm:col-span-6 flex flex-col justify-center gap-6 order-2  lg:order-2   lg:col-start-7  \">\n                \n                                    <h1 class=\" text-2xl lg:text-5xl  leading-[1.2] text-yt-dark-navy \">\n                        Lerne unsere Ern\u00e4hrungsberater kennen\n                    <\/h1>\n                \n                                    <div class=\"wysiwyg text-yt-black \">\n                        <p>Hier bei YorkTest verstehen wir, dass Ern\u00e4hrungsumstellungen eine herausfordernde Aufgabe sein k\u00f6nnen. Daher bieten wir eine umfassende Unterst\u00fctzung nach dem Test an, die bis zu zwei Telefonberatungen mit einem unserer qualifizierten Ern\u00e4hrungstherapeuten umfasst.<\/p>\n\n                    <\/div>\n                \n                \n                            <\/div>\n\n            <div class=\"col-span-3 sm:col-span-6 order-1  lg:col-span-5   \">\n                                    <div class=\"rounded-2xl overflow-hidden   sm:w-1\/2 lg:w-full lg:h-[400px] xl:h-[450px]  \">\n                        <img decoding=\"async\"\n                            src=\"https:\/\/www.yorktest.com\/app\/uploads\/sites\/2\/2025\/08\/NUTRITIONAL-THERAPISTS-1024x945-1.jpg\"\n                            srcset=\"https:\/\/www.yorktest.com\/app\/uploads\/sites\/2\/2025\/08\/NUTRITIONAL-THERAPISTS-1024x945-1-300x277.jpg 300w, https:\/\/www.yorktest.com\/app\/uploads\/sites\/2\/2025\/08\/NUTRITIONAL-THERAPISTS-1024x945-1-768x709.jpg 768w, https:\/\/www.yorktest.com\/app\/uploads\/sites\/2\/2025\/08\/NUTRITIONAL-THERAPISTS-1024x945-1.jpg 1024w\"\n                            sizes=\"auto, (max-width: 640px) 100vw, (max-width: 1024px) 50vw, 450px\"\n                            alt=\"\"\n                            loading=\"lazy\"\n                            width=\"1024\"\n                            height=\"945\"\n                            class=\"w-full h-full object-cover object-center sm:object-top lg:object-center\"\n                            title=\"NUTRITIONAL-THERAPISTS-1024x945 (1)\"\n                        >\n                    <\/div>\n                \n                            <\/div>\n        <\/div>\n    <\/div>\n<\/section>\n\n\n\n\n\n\n<section class=\"two-column-image-video-and-text overflow-x-hidden bg-white pt-10 pb-10 lg:pt-20 lg:pb-20 \" id=\"\" data-block=\"two-column-image-video-and-text\">\n    <div class=\"container\">\n        <div class=\"grid grid-cols-3 sm:grid-cols-6 lg:grid-cols-12 gap-6 lg:gap-10\">\n            <div class=\"col-span-3 sm:col-span-6 flex flex-col justify-center gap-6 order-2  lg:order-1    items-center \">\n                                    <h2 class=\" text-base text-yt-mid-grey uppercase tracking-widest   text-center \">\n                        Bei allem, was wir tun, haben wir den Kunden im Blick\n                    <\/h2>\n                \n                                    <h2 class=\" text-xl lg:text-3xl  leading-[1.2] text-yt-bright-teal  text-center \">\n                        Warum bieten wir Ern\u00e4hrungsberatungen an?\n                    <\/h2>\n                \n                                    <div class=\"wysiwyg text-yt-black  text-center \">\n                        <p>Gute Frage! Alles, was wir tun, geschieht mit Blick auf den Kunden \u2013 das ist einer der Gr\u00fcnde, warum wir ein f\u00fchrender Anbieter von IgG-Antik\u00f6rper-Tests f\u00fcr spezifische Lebensmittel und Getr\u00e4nke sind.<\/p>\n<p>Wenn Sie Ihre Ergebnisse erhalten, kann es Sie \u00fcberfordern, was als N\u00e4chstes zu tun ist oder welche Schritte Sie als n\u00e4chstes unternehmen sollten. Sie k\u00f6nnten zudem, nachdem sie die Ergebnissen erhalten, haben viele Fragen haben: Sie sind sich m\u00f6glicherweise unsicher, welche Ersatzlebensmittel Sie verwenden k\u00f6nnen, wie sich Ihre Unvertr\u00e4glichkeiten in Ihre Ern\u00e4hrung eingeschlichen haben oder welche g\u00e4ngigen Lebensmittel Ihre Trigger-Lebensmittel enthalten.<\/p>\n<p>Unser Team aus qualifizierten Ern\u00e4hrungstherapeuten ist sehr engagiert, gemeinsam mit Ihnen ma\u00dfgeschneiderte L\u00f6sungen aufgrund Ihren Ergebnissen zu finden.<\/p>\n\n                    <\/div>\n                \n                \n                            <\/div>\n\n            <div class=\"col-span-3 sm:col-span-6 order-1  lg:col-span-5   lg:col-start-8  \">\n                                    <div class=\"rounded-2xl overflow-hidden   sm:w-1\/2 lg:w-full lg:h-[400px] xl:h-[450px]   mx-auto \">\n                        <img decoding=\"async\"\n                            src=\"https:\/\/www.yorktest.com\/app\/uploads\/sites\/2\/2025\/08\/NUTRITIONAL-THERAPISTS2-600x600-1.jpg\"\n                            srcset=\"https:\/\/www.yorktest.com\/app\/uploads\/sites\/2\/2025\/08\/NUTRITIONAL-THERAPISTS2-600x600-1-300x300.jpg 300w, https:\/\/www.yorktest.com\/app\/uploads\/sites\/2\/2025\/08\/NUTRITIONAL-THERAPISTS2-600x600-1.jpg 768w, https:\/\/www.yorktest.com\/app\/uploads\/sites\/2\/2025\/08\/NUTRITIONAL-THERAPISTS2-600x600-1.jpg 1024w\"\n                            sizes=\"auto, (max-width: 640px) 100vw, (max-width: 1024px) 50vw, 450px\"\n                            alt=\"\"\n                            loading=\"lazy\"\n                            width=\"600\"\n                            height=\"600\"\n                            class=\"w-full h-full object-cover object-center sm:object-top lg:object-center\"\n                            title=\"NUTRITIONAL-THERAPISTS2-600x600 (1)\"\n                        >\n                    <\/div>\n                \n                            <\/div>\n        <\/div>\n    <\/div>\n<\/section>\n\n\n\n\n\n\n<section class=\"two-column-image-video-and-text overflow-x-hidden bg-white pt-10 pb-10 lg:pt-20 lg:pb-20 \" id=\"\" data-block=\"two-column-image-video-and-text\">\n    <div class=\"container\">\n        <div class=\"grid grid-cols-3 sm:grid-cols-6 lg:grid-cols-12 gap-6 lg:gap-10\">\n            <div class=\"col-span-3 sm:col-span-6 flex flex-col justify-center gap-6 order-2  lg:order-2   lg:col-start-7   items-center \">\n                \n                                    <h2 class=\" text-xl lg:text-3xl  leading-[1.2] text-yt-bright-teal  text-center \">\n                        Welche Vorteile hat Ihre Beratung?\n                    <\/h2>\n                \n                                    <div class=\"wysiwyg text-yt-black  text-center \">\n                        <div class=\"content\"><main class=\"main\"><\/p>\n<div id=\"content-image-50-block_68a86ac0d71e142cce5c2067074ddba1\" class=\"web-block content-image-50 text-left\">\n<div class=\"container  flex\">\n<div class=\" w-full  md:w-3\/5   md:pl-12  md:self-center content-image-50__block-content\">\n<div class=\"md:pr-4\">\n<p><strong>Individuelle Beratung f\u00fcr Sie<\/strong><\/p>\n<p>Hilfe bei der Interpretation Ihrer Ergebnisse und Optimierung Ihrer Ern\u00e4hrung<\/p>\n<p><strong>Anpassung bestehender Ern\u00e4hrungsweisen (vegan, vegetarisch, allergie-spezifisch, z. B. N\u00fcsse) an Ihre Eliminationsdi\u00e4t<\/strong><\/p>\n<p>Klare und informative Anleitung<\/p>\n<p><strong>Empfehlung von Nahrungserg\u00e4nzungsmitteln\/Probiotika zur Heilung des Darms<\/strong><\/p>\n<p>Ideen und Inspiration f\u00fcr neue und alternative Lebensmittel sowie Rezepte, um Ihre Trigger-Lebensmittel zu ersetzen<\/p>\n<p><strong>Hilfe dabei, sicherzustellen, dass Sie Ihr Essen weiterhin genie\u00dfen<\/strong><\/p>\n<\/div>\n<\/div>\n<\/div>\n<\/div>\n<p><\/main><\/div>\n\n                    <\/div>\n                \n                \n                            <\/div>\n\n            <div class=\"col-span-3 sm:col-span-6 order-1  lg:col-span-5   \">\n                                    <div class=\"rounded-2xl overflow-hidden   sm:w-1\/2 lg:w-full lg:h-[400px] xl:h-[450px]   mx-auto \">\n                        <img decoding=\"async\"\n                            src=\"https:\/\/www.yorktest.com\/app\/uploads\/sites\/2\/2025\/08\/1-2-600x600-1.png\"\n                            srcset=\"https:\/\/www.yorktest.com\/app\/uploads\/sites\/2\/2025\/08\/1-2-600x600-1-300x300.png 300w, https:\/\/www.yorktest.com\/app\/uploads\/sites\/2\/2025\/08\/1-2-600x600-1.png 768w, https:\/\/www.yorktest.com\/app\/uploads\/sites\/2\/2025\/08\/1-2-600x600-1.png 1024w\"\n                            sizes=\"auto, (max-width: 640px) 100vw, (max-width: 1024px) 50vw, 450px\"\n                            alt=\"\"\n                            loading=\"lazy\"\n                            width=\"600\"\n                            height=\"600\"\n                            class=\"w-full h-full object-cover object-center sm:object-top lg:object-center\"\n                            title=\"1-2-600x600-1\"\n                        >\n                    <\/div>\n                \n                            <\/div>\n        <\/div>\n    <\/div>\n<\/section>","protected":false},"excerpt":{"rendered":"","protected":false},"author":1,"featured_media":0,"parent":0,"menu_order":0,"comment_status":"closed","ping_status":"closed","template":"","meta":{"_acf_changed":false,"footnotes":""},"class_list":["post-1086","page","type-page","status-publish","hentry"],"acf":[],"_links":{"self":[{"href":"https:\/\/www.yorktest.com\/de\/wp-json\/wp\/v2\/pages\/1086","targetHints":{"allow":["GET"]}}],"collection":[{"href":"https:\/\/www.yorktest.com\/de\/wp-json\/wp\/v2\/pages"}],"about":[{"href":"https:\/\/www.yorktest.com\/de\/wp-json\/wp\/v2\/types\/page"}],"author":[{"embeddable":true,"href":"https:\/\/www.yorktest.com\/de\/wp-json\/wp\/v2\/users\/1"}],"replies":[{"embeddable":true,"href":"https:\/\/www.yorktest.com\/de\/wp-json\/wp\/v2\/comments?post=1086"}],"version-history":[{"count":4,"href":"https:\/\/www.yorktest.com\/de\/wp-json\/wp\/v2\/pages\/1086\/revisions"}],"predecessor-version":[{"id":1841,"href":"https:\/\/www.yorktest.com\/de\/wp-json\/wp\/v2\/pages\/1086\/revisions\/1841"}],"wp:attachment":[{"href":"https:\/\/www.yorktest.com\/de\/wp-json\/wp\/v2\/media?parent=1086"}],"curies":[{"name":"wp","href":"https:\/\/api.w.org\/{rel}","templated":true}]}}