{"id":1083,"date":"2025-08-13T10:46:00","date_gmt":"2025-08-13T10:46:00","guid":{"rendered":"https:\/\/www.yorktest.com\/de\/?page_id=1083"},"modified":"2025-10-11T14:50:29","modified_gmt":"2025-10-11T14:50:29","slug":"cookie-richtlinie","status":"publish","type":"page","link":"https:\/\/www.yorktest.com\/de\/cookie-richtlinie\/","title":{"rendered":"Cookie Richtlinie"},"content":{"rendered":"\n\n\n<section class=\"pt-6 pb-6 lg:pt-8 lg:pb-8 \" id=\"\" data-section=\"breadcrumbs\">\n    <div class=\"container\">\n        <div class=\"flex\">\n            <nav aria-label=\"breadcrumbs\" class=\"rank-math-breadcrumb\"><p><span class=\"last\">Startseite<\/span><\/p><\/nav>\n        <\/div>\n    <\/div>\n<\/section>\n\n\n\n\n<section class=\"pt-0 pb-4 lg:pt-0 lg:pb-4 \" id=\"\" data-block=\"heading-and-text\">\n    <div class=\"container\">\n        <div class=\"flex flex-col gap-6\">\n                            <h1 class=\"text-5xl lg:text-[70px] leading-[1.2]\">\n                    Cookie Richtlinie\n                <\/h1>\n            \n                            <div class=\"wysiwyg\">\n                    <h2>Was sind Cookies und warum verwenden wir sie?<\/h2>\n<p>Bestimmte Teile unserer Website nutzen sogenannte Cookies, um Ihren Besuch zu protokollieren und Ihnen die Navigation zwischen den einzelnen Bereichen zu erleichtern.<\/p>\n<p>Ein Cookie ist eine kleine Datendatei, die beim Besuch der Website bestimmte Informationen auf der Festplatte Ihres Computers hinterlegt, beispielsweise Ihre Benutzer-ID und die besuchten Seiten. Cookies enthalten stets nur die personenbezogenen Daten, die Sie selbst angegeben haben. Cookies speichern Ihre Pr\u00e4ferenzen und verfolgen Ihre Nutzung der Website, um Ihr Nutzererlebnis zu optimieren. Sie unterst\u00fctzen au\u00dferdem den Betrieb der Website, verbessern deren Effizienz und liefern Informationen \u00fcber ihre Nutzung.<\/p>\n<p>Die folgende Tabelle erl\u00e4utert, welche Cookies YorkTest aus welchen Gr\u00fcnden verwendet.<\/p>\n<table style=\"height: 2359px\" width=\"699\">\n<tbody>\n<tr>\n<td width=\"170\">Cookie<\/td>\n<td width=\"120\">Kategorie<\/td>\n<td width=\"238\">Zweck<\/td>\n<td width=\"74\">Best\u00e4ndigkeit<\/td>\n<\/tr>\n<tr>\n<td width=\"170\">[SessionID#27]<\/td>\n<td width=\"120\">Notwendig<\/td>\n<td width=\"238\">der PayPal verwendet Cookies, um die E-Mail-Adresse der Nutzer:innen in der PayPal-Datenbank zu \u00fcberpr\u00fcfen und es f\u00fcr seine Kund:innen schneller und leichter zu machen, sich bei ihrem PayPal-Konto anzumelden. Dies ist ein notwendiges Cookie f\u00fcr die Nutzbarkeit unserer Website, da es grundlegende Funktionen wie die Seitennavigation und den Zugang zu sicheren Bereichen der Website erm\u00f6glicht. Ohne diese Cookies kann die Website nicht richtig funktionieren.<\/p>\n<p>&nbsp;<\/td>\n<td width=\"74\">1 Tag<\/td>\n<\/tr>\n<tr>\n<td width=\"170\">_paypal_storage_<\/td>\n<td width=\"120\">Notwendig<\/td>\n<td width=\"238\">Wird im Zusammenhang mit der PayPal-Zahlungsfunktion auf der Website verwendet. Wird im Zusammenhang mit der PayPal-Zahlungsfunktion auf der Website verwendet.<\/p>\n<p>&nbsp;<\/td>\n<td width=\"74\">Dauerhaft<\/td>\n<\/tr>\n<tr>\n<td width=\"170\">akavpau_ppsd<\/td>\n<td width=\"120\">Notwendig<\/td>\n<td width=\"238\">Dieses Cookie wird von PayPal bereitgestellt und f\u00fcr den Zahlungsverkehr auf der Website verwendet. Um sichere Transaktionen zu gew\u00e4hrleisten, ist dieses Cookie notwendig.<\/p>\n<p>&nbsp;<\/td>\n<td width=\"74\">Sitzung<\/td>\n<\/tr>\n<tr>\n<td width=\"170\">intercom-state<\/td>\n<td width=\"120\">Notwendig<\/td>\n<td width=\"238\">Dies erm\u00f6glicht es der Website, den Besucher zu erkennen und die Chatbox-Funktion zu optimieren.<\/p>\n<p>&nbsp;<\/td>\n<td width=\"74\">Dauerhaft<\/td>\n<\/tr>\n<tr>\n<td width=\"170\">intercom.played-notifications<\/td>\n<td width=\"120\">Notwendig<\/td>\n<td width=\"238\">Speichert, welche Support-Meldungen f\u00fcr Sie angezeigt wurden.<\/p>\n<p>&nbsp;<\/td>\n<td width=\"74\">Sitzung<\/td>\n<\/tr>\n<tr>\n<td width=\"170\">JSESSIONID<\/td>\n<td width=\"120\">Notwendig<\/td>\n<td width=\"238\">Beh\u00e4lt den Benutzerstatus \u00fcber die Seitenaufrufe bei.<\/p>\n<p>&nbsp;<\/td>\n<td width=\"74\">Sitzung<\/td>\n<\/tr>\n<tr>\n<td width=\"170\">PHPSESSID<\/td>\n<td width=\"120\">Notwendig<\/td>\n<td width=\"238\">Beh\u00e4lt den Benutzerstatus \u00fcber die Seitenaufrufe bei.<\/p>\n<p>&nbsp;<\/td>\n<td width=\"74\">Sitzung<\/td>\n<\/tr>\n<tr>\n<td width=\"170\">wc_cart_hash_#<\/td>\n<td width=\"120\">Notwendig<\/td>\n<td width=\"238\">Dient dazu, die Daten f\u00fcr den Einkaufskorb zu verfolgen.<\/p>\n<p>&nbsp;<\/td>\n<td width=\"74\">Sitzung<\/td>\n<\/tr>\n<tr>\n<td width=\"170\">wc_fragments<\/td>\n<td width=\"120\">Notwendig<\/td>\n<td width=\"238\">Wird zum Speichern der Anmeldeinformationen f\u00fcr die Website verwendet, damit sich die Nutzer:innen nicht immer wieder neu anmelden m\u00fcssen, wenn der Browser geschlossen wurde.<\/p>\n<p>&nbsp;<\/td>\n<td width=\"74\">Sitzung<\/td>\n<\/tr>\n<tr>\n<td width=\"170\">_cf_bm<\/td>\n<td width=\"120\">Notwendig<\/td>\n<td width=\"238\">Zur Erkennung von Bots, um b\u00f6swillige Besucher zu identifizieren und den Web-Verkehr zu filtern. Dies verringert die Wahrscheinlichkeit, dass legitime Nutzer:innen blockiert werden, und erm\u00f6glicht es uns, Ihnen ma\u00dfgeschneiderte Dienste anzubieten.<\/p>\n<p>&nbsp;<\/td>\n<td width=\"74\">1 Tag<\/td>\n<\/tr>\n<tr>\n<td width=\"170\">intercom-id-u79fgavm<\/td>\n<td width=\"120\">Notwendig<\/td>\n<td width=\"238\">Identifiziert Ihren Browser, um sich an von Ihnen \u00fcber die Gespr\u00e4chsfunktion initiierte Konversationen zu erinnern.<\/p>\n<p>&nbsp;<\/td>\n<td width=\"74\">270 Tage<\/td>\n<\/tr>\n<tr>\n<td width=\"170\">lang<\/td>\n<td width=\"120\">Pr\u00e4ferenz<\/td>\n<td width=\"238\">Erinnert sich an die vom Benutzer gew\u00e4hlte Sprachversion der Website.<\/p>\n<p>&nbsp;<\/td>\n<td width=\"74\">Sitzung<\/td>\n<\/tr>\n<tr>\n<td width=\"170\">lang<\/td>\n<td width=\"120\">Pr\u00e4ferenz<\/td>\n<td width=\"238\">Wird von LinkedIn gesetzt, wenn die Webseite eine Schaltfl\u00e4che aufweist, \u00fcber die die Nutzer:innen dem Betreiber auf LinkedIn folgen k\u00f6nnen.<\/p>\n<p>&nbsp;<\/td>\n<td width=\"74\">Sitzung<\/td>\n<\/tr>\n<tr>\n<td width=\"170\">_ga<\/td>\n<td width=\"120\">Statistik<\/td>\n<td width=\"238\">Weist den Benutzer:innen eine eindeutige ID zu, um statistische Daten \u00fcber ihre Nutzung der Website zu erfassen.<\/p>\n<p>&nbsp;<\/td>\n<td width=\"74\">2 Jahre<\/td>\n<\/tr>\n<tr>\n<td width=\"170\">_gat<\/td>\n<td width=\"120\">Statistik<\/td>\n<td width=\"238\">Wird von Google Analytics verwendet, um die Anforderungsrate zu drosseln.<\/p>\n<p>&nbsp;<\/td>\n<td width=\"74\">1 Tag<\/td>\n<\/tr>\n<tr>\n<td width=\"170\">_gid<\/td>\n<td width=\"120\">Statistik<\/td>\n<td width=\"238\">Wird von Google Analytics verwendet, um die Anforderungsrate zu drosseln.<\/p>\n<p>&nbsp;<\/td>\n<td width=\"74\">I Tag<\/td>\n<\/tr>\n<tr>\n<td width=\"170\">_vwo_uuid_v2<\/td>\n<td width=\"120\">Statistik<\/td>\n<td width=\"238\">Dieses Cookie wird gesetzt, um Split-Tests auf der Website durchzuf\u00fchren und die Relevanz der Website f\u00fcr die Besucher:innen zu optimieren. Des Weiteren kann das Cookie auch gesetzt werden, um die Erfahrung der Besucher:innen auf der Website zu verbessern.<\/p>\n<p>&nbsp;<\/td>\n<td width=\"74\">1 Jahr<\/td>\n<\/tr>\n<tr>\n<td width=\"170\">v.gif<\/td>\n<td width=\"120\">Statistik<\/td>\n<td width=\"238\">Dieses Cookie wird gesetzt, um Split-Tests auf der Website durchzuf\u00fchren und die Relevanz der Website f\u00fcr die Besucher:innen zu optimieren. Des Weiteren kann das Cookie auch gesetzt werden, um die Erfahrung der Besucher:innen auf der Website zu verbessern.<\/p>\n<p>&nbsp;<\/td>\n<td width=\"74\">Sitzung<\/td>\n<\/tr>\n<tr>\n<td width=\"170\">_fbp<\/td>\n<td width=\"120\">Marketing<\/td>\n<td width=\"238\">Wird von Facebook verwendet, um seriell Werbeprodukte wie beispielsweise Echtzeitgebote von Drittanbietern bereitzustellen.<\/p>\n<p>&nbsp;<\/td>\n<td width=\"74\">1 Tag<\/td>\n<\/tr>\n<tr>\n<td width=\"170\">_hjIncludedInSample<\/td>\n<td width=\"120\">Marketing<\/td>\n<td width=\"238\">Legt fest, ob die Navigation der Benutzer:innen in einem bestimmten statistischen Platzhalter erfasst werden soll.<\/p>\n<p>&nbsp;<\/td>\n<td width=\"74\">Sitzung<\/td>\n<\/tr>\n<tr>\n<td width=\"170\">bcookie<\/td>\n<td width=\"120\">Marketing<\/td>\n<td width=\"238\">Wird vom sozialen Netzwerk LinkedIn verwendet, um die Nutzung eingebetteter Dienste zu verfolgen.<\/p>\n<p>&nbsp;<\/td>\n<td width=\"74\">2 Jahre<\/td>\n<\/tr>\n<tr>\n<td width=\"170\">BizoID<\/td>\n<td width=\"120\">Marketing<\/td>\n<td width=\"238\">Wird verwendet, um die Besucher:innen auf mehreren Websites zu verfolgen und ihnen auf ihre Pr\u00e4ferenzen abgestimmte Werbung zu pr\u00e4sentieren.<\/p>\n<p>&nbsp;<\/td>\n<td width=\"74\">29 Tage<\/td>\n<\/tr>\n<tr>\n<td width=\"170\">bscookie<\/td>\n<td width=\"120\">Marketing<\/td>\n<td width=\"238\">Wird vom sozialen Netzwerk LinkedIn verwendet, um die Nutzung eingebetteter Dienste zu verfolgen.<\/td>\n<td width=\"74\">2 Jahre<\/td>\n<\/tr>\n<\/tbody>\n<\/table>\n<h2>Wie \u00e4ndere ich meine Cookie-Einstellungen?<\/h2>\n<p>Sie k\u00f6nnen zu Beginn Ihres Besuchs auf der YorkTest-Website entscheiden, ob Sie Cookies akzeptieren oder ablehnen. Die meisten Webbrowser akzeptieren Cookies automatisch. Sie k\u00f6nnen die Einstellungen Ihres Browsers jedoch in der Regel \u00e4ndern und Cookies ablehnen. Dies kann allerdings zur Folge haben, dass Sie diese Website nicht in vollem Umfang nutzen k\u00f6nnen.<\/p>\n<p>Mehr \u00fcber Cookies und dar\u00fcber, welche Cookies gesetzt wurden, erfahren Sie auf <a href=\"http:\/\/www.aboutcookies.org\/\" target=\"_blank\" rel=\"noopener\">www.aboutcookies.org<\/a> \u00a0\u00a0oder\u00a0 <a href=\"http:\/\/www.allaboutcookies.org\/\" target=\"_blank\" rel=\"noopener\">www.allaboutcookies.org<\/a><\/p>\n<p>Erfahren Sie, wie Sie Cookies in g\u00e4ngigen Browsern verwalten k\u00f6nnen:<\/p>\n<ul>\n<li>Google Chrome<\/li>\n<li>Microsoft Edge<\/li>\n<li>Mozilla Firefox<\/li>\n<li>Microsoft Internet Explorer<\/li>\n<li>Opera<\/li>\n<li>Apple Safari<\/li>\n<\/ul>\n<p>Informationen zu anderen Browsern finden Sie auf der Website der jeweiligen Entwickler.<\/p>\n<p>Um die Erfassung durch Google Analytics generell beim Besuchen von Websites zu deaktivieren, besuchen Sie <a href=\"https:\/\/tools.google.com\/dlpage\/gaoptout\" target=\"_blank\" rel=\"noopener\">http:\/\/tools.google.com\/dlpage\/gaoptout<\/a><\/p>\n\n                <\/div>\n                    <\/div>\n    <\/div>\n<\/section>","protected":false},"excerpt":{"rendered":"","protected":false},"author":1,"featured_media":0,"parent":0,"menu_order":0,"comment_status":"closed","ping_status":"closed","template":"","meta":{"_acf_changed":false,"footnotes":""},"class_list":["post-1083","page","type-page","status-publish","hentry"],"acf":[],"_links":{"self":[{"href":"https:\/\/www.yorktest.com\/de\/wp-json\/wp\/v2\/pages\/1083","targetHints":{"allow":["GET"]}}],"collection":[{"href":"https:\/\/www.yorktest.com\/de\/wp-json\/wp\/v2\/pages"}],"about":[{"href":"https:\/\/www.yorktest.com\/de\/wp-json\/wp\/v2\/types\/page"}],"author":[{"embeddable":true,"href":"https:\/\/www.yorktest.com\/de\/wp-json\/wp\/v2\/users\/1"}],"replies":[{"embeddable":true,"href":"https:\/\/www.yorktest.com\/de\/wp-json\/wp\/v2\/comments?post=1083"}],"version-history":[{"count":3,"href":"https:\/\/www.yorktest.com\/de\/wp-json\/wp\/v2\/pages\/1083\/revisions"}],"predecessor-version":[{"id":1724,"href":"https:\/\/www.yorktest.com\/de\/wp-json\/wp\/v2\/pages\/1083\/revisions\/1724"}],"wp:attachment":[{"href":"https:\/\/www.yorktest.com\/de\/wp-json\/wp\/v2\/media?parent=1083"}],"curies":[{"name":"wp","href":"https:\/\/api.w.org\/{rel}","templated":true}]}}