{"id":1027,"date":"2025-08-13T08:59:11","date_gmt":"2025-08-13T08:59:11","guid":{"rendered":"https:\/\/www.yorktest.com\/de\/?page_id=1027"},"modified":"2025-10-11T14:51:00","modified_gmt":"2025-10-11T14:51:00","slug":"den-test-durchfuhren","status":"publish","type":"page","link":"https:\/\/www.yorktest.com\/de\/den-test-durchfuhren\/","title":{"rendered":"Den Test durchf\u00fchren"},"content":{"rendered":"\n\n                \n<section class=\"pt-6 pb-6 lg:pt-8 lg:pb-8 \" id=\"\" data-section=\"breadcrumbs\">\n    <div class=\"container\">\n        <div class=\"flex\">\n            <nav aria-label=\"breadcrumbs\" class=\"rank-math-breadcrumb\"><p><span class=\"last\">Startseite<\/span><\/p><\/nav>\n        <\/div>\n    <\/div>\n<\/section>\n\n\n\n\n<section class=\"pt-0 pb-10 lg:pt-0 lg:pb-10 \" id=\"\" data-block=\"heading-and-text\">\n    <div class=\"container\">\n        <div class=\"flex flex-col gap-6\">\n                            <h1 class=\"text-5xl lg:text-[70px] leading-[1.2]\">\n                    Den Lebensmittelunvertr\u00e4glichkeitstest durchf\u00fchren\n                <\/h1>\n            \n                            <div class=\"wysiwyg\">\n                    <p>YorkTest bietet einen vollst\u00e4ndigen Heimlabor-Service f\u00fcr alle Tests und Programme an. Ihr Test-Kit wird Ihnen per Post zugeschickt, inklusive eines adressierten und frankierten R\u00fcckumschlags, um Ihre Probe zur\u00fcckzusenden. Sobald Ihre Probe getestet wurde, erhalten Sie Ihre Ergebnisse per Post.<\/p>\n\n                <\/div>\n                    <\/div>\n    <\/div>\n<\/section>\n\n\n\n\n<section class=\"relative h-[624px] pt-0 pb-0 lg:pt-0 lg:pb-0 \" id=\"\" data-block=\"landing-page-image-video\">\n            <picture class=\"absolute -z-[1] top-0 left-0 w-full h-full\">\n            <source media=\"(min-width: 1024px)\" srcset=\"https:\/\/www.yorktest.com\/app\/uploads\/sites\/2\/2025\/08\/Screenshot-2025-08-13-at-10.00.38.jpg\">\n            <source media=\"(min-width: 640px)\" srcset=\"https:\/\/www.yorktest.com\/app\/uploads\/sites\/2\/2025\/08\/Screenshot-2025-08-13-at-10.00.38-1024x478.jpg\">\n            <img decoding=\"async\" src=\"https:\/\/www.yorktest.com\/app\/uploads\/sites\/2\/2025\/08\/Screenshot-2025-08-13-at-10.00.38-768x359.jpg\" alt=\"\" loading=\"lazy\" class=\"w-full h-full object-cover object-center\">\n        <\/picture>\n    \n    <div class=\"container\">\n        <div class=\"relative flex flex-col lg:flex-row flex-wrap gap-6 justify-end lg:items-end lg:justify-between h-[624px] py-10 lg:py-20\">\n            \n                            <button type=\"button\" class=\"btn btn--outline-white btn--lg js-play-button\" data-video-trigger>\n                    <svg xmlns=\"http:\/\/www.w3.org\/2000\/svg\" width=\"16\" viewBox=\"0 0 10.11 13\" class=\"ml-1\" aria-hidden=\"true\">\n                        <path d=\"M.72,13a.84.84,0,0,1-.34-.08A.75.75,0,0,1,0,12.28V.72A.72.72,0,0,1,1.12.12L9.79,5.9a.72.72,0,0,1,0,1.2L1.12,12.88a.72.72,0,0,1-.4.12Z\" transform=\"translate(0 0)\" style=\"fill:#00b8aa\"\/>\n                    <\/svg>\n\n                    <span class=\"block ml-4 flex-shrink-0\">\n                        Spielen\n                    <\/span>\n                <\/button>\n                    <\/div>\n\n                    <div class=\"h-full w-full relative js-video\">\n                <div class=\"fixed inset-0 z-50 bg-yt-black\/80 flex items-center justify-center hidden js-video-modal p-4\" data-video-modal>\n                    <div class=\"relative w-full aspect-video max-h-[700px] max-w-[960px]\">\n                        <iframe src=\"https:\/\/player.vimeo.com\/video\/1057503290?h=c37a5e8514?autoplay=1\" title=\"Den Test durchf\u00fchren\" loading=\"lazy\" class=\"w-full h-full rounded-xl\" allow=\"autoplay; fullscreen\" allowfullscreen><\/iframe>\n                        \n                        <button class=\"absolute -top-10 right-2 text-white text-base sm:text-2xl js-close-video\" data-close-video aria-label=\"Close video\">\n                            <svg xmlns=\"http:\/\/www.w3.org\/2000\/svg\" viewBox=\"0 0 384 512\" aria-hidden=\"true\" fill=\"white\" class=\"w-8 h-8\"><!--!Font Awesome Free 6.7.2 by @fontawesome - https:\/\/fontawesome.com License - https:\/\/fontawesome.com\/license\/free Copyright 2025 Fonticons, Inc.--><path d=\"M342.6 150.6c12.5-12.5 12.5-32.8 0-45.3s-32.8-12.5-45.3 0L192 210.7 86.6 105.4c-12.5-12.5-32.8-12.5-45.3 0s-12.5 32.8 0 45.3L146.7 256 41.4 361.4c-12.5 12.5-12.5 32.8 0 45.3s32.8 12.5 45.3 0L192 301.3 297.4 406.6c12.5 12.5 32.8 12.5 45.3 0s12.5-32.8 0-45.3L237.3 256 342.6 150.6z\"\/><\/svg>\n                        <\/button>\n                    <\/div>\n                <\/div>                    \n            <\/div>\n            <\/div>\n\n    <div class=\"gradient-overlay\"><\/div>\n<\/section>\n\n\n\n\n\n\n<section class=\"two-column-image-video-and-text overflow-x-hidden bg-white pt-10 pb-10 lg:pt-20 lg:pb-20 \" id=\"\" data-block=\"two-column-image-video-and-text\">\n    <div class=\"container\">\n        <div class=\"grid grid-cols-3 sm:grid-cols-6 lg:grid-cols-12 gap-6 lg:gap-10\">\n            <div class=\"col-span-3 sm:col-span-6 flex flex-col justify-center gap-6 order-2  lg:order-1    items-center \">\n                \n                                    <h2 class=\" text-xl lg:text-3xl  leading-[1.2] text-yt-grey  text-center \">\n                        Wie genau sind die Ergebnisse?\n                    <\/h2>\n                \n                                    <div class=\"wysiwyg text-yt-black  text-center \">\n                        <p>Wir sind stolz darauf, dass unser Labor eine Reproduzierbarkeitsrate von \u00fcber 98 % aufweist. Das bedeutet, dass zwei separate Tests, die mit derselben Probe von einer Person (am selben Tag entnommen) durchgef\u00fchrt werden, in \u00fcber 98 % der F\u00e4lle \u00fcbereinstimmen.<\/p>\n<p>Unser Labor wird regelm\u00e4\u00dfig von unabh\u00e4ngigen Beh\u00f6rden \u00fcberpr\u00fcft, ist mit voll ausgebildeten und hochqualifizierten Wissenschaftlern besetzt und verwendet die modernste Ausr\u00fcstung sowie Verfahren, um h\u00f6chste Genauigkeit zu gew\u00e4hrleisten.<\/p>\n<p>Das Laborteam wird von unserer wissenschaftlichen Leiterin, Dr. Gill Hart, geleitet, die seit 2005 bei uns ist. Dr. Hart ist eine f\u00fchrende Biochemikerin in Gro\u00dfbritannien und Expertin f\u00fcr Lebensmittelunvertr\u00e4glichkeiten, die sich leidenschaftlich f\u00fcr wissenschaftliche Innovation einsetzt. Sie verf\u00fcgt \u00fcber 30 Jahre Erfahrung in der Entwicklung und Validierung von diagnostischen Tests und Testdiensten.<\/p>\n\n                    <\/div>\n                \n                \n                            <\/div>\n\n            <div class=\"col-span-3 sm:col-span-6 order-1  lg:col-span-5   lg:col-start-8  \">\n                                    <div class=\"rounded-2xl overflow-hidden   sm:w-1\/2 lg:w-full lg:h-[400px] xl:h-[450px]   mx-auto \">\n                        <img decoding=\"async\"\n                            src=\"https:\/\/www.yorktest.com\/app\/uploads\/sites\/2\/2025\/08\/taking-the-text-image-2-600x600-1.jpg\"\n                            srcset=\"https:\/\/www.yorktest.com\/app\/uploads\/sites\/2\/2025\/08\/taking-the-text-image-2-600x600-1-300x300.jpg 300w, https:\/\/www.yorktest.com\/app\/uploads\/sites\/2\/2025\/08\/taking-the-text-image-2-600x600-1.jpg 768w, https:\/\/www.yorktest.com\/app\/uploads\/sites\/2\/2025\/08\/taking-the-text-image-2-600x600-1.jpg 1024w\"\n                            sizes=\"auto, (max-width: 640px) 100vw, (max-width: 1024px) 50vw, 450px\"\n                            alt=\"\"\n                            loading=\"lazy\"\n                            width=\"600\"\n                            height=\"600\"\n                            class=\"w-full h-full object-cover object-center sm:object-top lg:object-center\"\n                            title=\"taking-the-text-image-2-600x600 (1)\"\n                        >\n                    <\/div>\n                \n                            <\/div>\n        <\/div>\n    <\/div>\n<\/section>","protected":false},"excerpt":{"rendered":"","protected":false},"author":1,"featured_media":0,"parent":0,"menu_order":0,"comment_status":"closed","ping_status":"closed","template":"","meta":{"_acf_changed":false,"footnotes":""},"class_list":["post-1027","page","type-page","status-publish","hentry"],"acf":[],"_links":{"self":[{"href":"https:\/\/www.yorktest.com\/de\/wp-json\/wp\/v2\/pages\/1027","targetHints":{"allow":["GET"]}}],"collection":[{"href":"https:\/\/www.yorktest.com\/de\/wp-json\/wp\/v2\/pages"}],"about":[{"href":"https:\/\/www.yorktest.com\/de\/wp-json\/wp\/v2\/types\/page"}],"author":[{"embeddable":true,"href":"https:\/\/www.yorktest.com\/de\/wp-json\/wp\/v2\/users\/1"}],"replies":[{"embeddable":true,"href":"https:\/\/www.yorktest.com\/de\/wp-json\/wp\/v2\/comments?post=1027"}],"version-history":[{"count":4,"href":"https:\/\/www.yorktest.com\/de\/wp-json\/wp\/v2\/pages\/1027\/revisions"}],"predecessor-version":[{"id":1728,"href":"https:\/\/www.yorktest.com\/de\/wp-json\/wp\/v2\/pages\/1027\/revisions\/1728"}],"wp:attachment":[{"href":"https:\/\/www.yorktest.com\/de\/wp-json\/wp\/v2\/media?parent=1027"}],"curies":[{"name":"wp","href":"https:\/\/api.w.org\/{rel}","templated":true}]}}